{"id":1017,"date":"2017-01-31T16:07:03","date_gmt":"2017-01-31T15:07:03","guid":{"rendered":"http:\/\/delanouearchi.fr\/?page_id=1017"},"modified":"2017-02-14T17:48:29","modified_gmt":"2017-02-14T16:48:29","slug":"marianne-conception","status":"publish","type":"page","link":"https:\/\/delanouearchi.fr\/index.php\/marianne-conception\/","title":{"rendered":"marianne-conception"},"content":{"rendered":"<p style=\"text-align: center;\"><a  class=\"pixcode  pixcode--btn  btn  kiko-bouton-on\"  ><i class=\"pixcode  pixcode--icon  icon-pencil    small  \"><\/i> Conception<\/a>\n<hr \/>\n<p>Un outil perfectionn\u00e9 et efficace. Expression de la modernit\u00e9, du dynamisme et de l\u2019enthousiasme de la jeunesse de l\u2019ouverture de l\u2019\u00e9tablissement par une architecture heureuse et organique. Nous avons jou\u00e9 avec des rythmes, des ondulations, des lignes souples et tendues pour donner \u00e0 cet ensemble de b\u00e2timents une po\u00e9sie expressive.<\/p>\n<p>Un ensemble organique d\u2019\u00e9l\u00e9ments diff\u00e9renci\u00e9s, remarquables, mais n\u00e9anmoins indissociables. Chaque b\u00e2timent correspond \u00e0 un usage, une fonction, il est clairement identifiable, mais uni aux autres.<\/p>\n<p>Cette organisation de b\u00e2timents d\u2019une m\u00eame famille, cr\u00e9ant sur une parcelle un monde riche et complexe, est proche de celle con\u00e7ue dans le cadre du projet urbain de Port Marianne. C\u2019est une composition de forte densit\u00e9 mais poreuse et vari\u00e9e. Elle diff\u00e9rencie clairement les espaces int\u00e9rieurs des espaces ouverts mais conserve toujours des fuites et des limites.<\/p>\n<p>La simplicit\u00e9 et la clart\u00e9 caract\u00e9risent l\u2019organisation g\u00e9n\u00e9rale du lyc\u00e9e. A chaque p\u00f4le principal correspond un b\u00e2timent ou une partie de b\u00e2timent. Ces p\u00f4les sont dispos\u00e9s de sorte que les liaisons entre eux soient les plus courtes possibles.<\/p>\n","protected":false},"excerpt":{"rendered":"<p>Un outil perfectionn\u00e9 et efficace. Expression de la modernit\u00e9, du dynamisme et de l\u2019enthousiasme de la jeunesse de l\u2019ouverture de l\u2019\u00e9tablissement par une architecture heureuse et organique. Nous avons jou\u00e9 avec des rythmes, des ondulations, des lignes souples et tendues pour donner \u00e0 cet ensemble de b\u00e2timents une po\u00e9sie expressive. Un ensemble organique d\u2019\u00e9l\u00e9ments diff\u00e9renci\u00e9s,..<\/p>\n","protected":false},"author":1,"featured_media":0,"parent":0,"menu_order":0,"comment_status":"closed","ping_status":"closed","template":"","meta":[],"_links":{"self":[{"href":"https:\/\/delanouearchi.fr\/index.php\/wp-json\/wp\/v2\/pages\/1017"}],"collection":[{"href":"https:\/\/delanouearchi.fr\/index.php\/wp-json\/wp\/v2\/pages"}],"about":[{"href":"https:\/\/delanouearchi.fr\/index.php\/wp-json\/wp\/v2\/types\/page"}],"author":[{"embeddable":true,"href":"https:\/\/delanouearchi.fr\/index.php\/wp-json\/wp\/v2\/users\/1"}],"replies":[{"embeddable":true,"href":"https:\/\/delanouearchi.fr\/index.php\/wp-json\/wp\/v2\/comments?post=1017"}],"version-history":[{"count":1,"href":"https:\/\/delanouearchi.fr\/index.php\/wp-json\/wp\/v2\/pages\/1017\/revisions"}],"predecessor-version":[{"id":1018,"href":"https:\/\/delanouearchi.fr\/index.php\/wp-json\/wp\/v2\/pages\/1017\/revisions\/1018"}],"wp:attachment":[{"href":"https:\/\/delanouearchi.fr\/index.php\/wp-json\/wp\/v2\/media?parent=1017"}],"curies":[{"name":"wp","href":"https:\/\/api.w.org\/{rel}","templated":true}]}}