{"id":1164,"date":"2017-01-31T18:47:05","date_gmt":"2017-01-31T17:47:05","guid":{"rendered":"http:\/\/delanouearchi.fr\/?page_id=1164"},"modified":"2017-04-04T09:35:42","modified_gmt":"2017-04-04T08:35:42","slug":"choisy-conception","status":"publish","type":"page","link":"https:\/\/delanouearchi.fr\/index.php\/choisy-conception\/","title":{"rendered":"choisy-conception"},"content":{"rendered":"<p style=\"text-align: center;\"><a  class=\"pixcode  pixcode--btn  btn  kiko-projets\" href=\"http:\/\/delanouearchi.fr\/index.php\/frontpage\/projets\/\" ><i class=\"pixcode  pixcode--icon  icon-th    small  \"><\/i> Projets<\/a>\n<p>&nbsp;<\/p>\n<i class=\"pixcode  pixcode--icon  icon-e-info-circled    medium  \"><\/i> <strong>Description<\/strong><br \/>\nH\u00f4pital de jour d&rsquo;une capacit\u00e9 d&rsquo;une dizaine de places, pouvant accueillir des enfants de 2 \u00e0 12 ans, souffrant d&rsquo;autisme. Les enfants sont en soins de jour et scolaris\u00e9s en parall\u00e8le dans des \u00e9tablissements \u00e0 proximit\u00e9.<\/p>\n<p>Ancien site industriel, le terrain est en pente en milieu r\u00e9sidentiel dans une zone innondable. Le projet comprend pour les enfants un accueil, un r\u00e9fectoire, salles d&rsquo;hydroth\u00e9rapie, arts plastiques, psychomotricit\u00e9 et soins. Toutes ces pi\u00e8ces sont tourn\u00e9es vers l&rsquo;ext\u00e9rieur et organis\u00e9s autour de patios plant\u00e9s et d&rsquo;un jardin int\u00e9rieur situ\u00e9 en contrebas, accessible par une rampe.<\/p>\n<p>Il comporte \u00e9galement des locaux administratifs et une salle de r\u00e9union modulable situ\u00e9s sur la rue et adoss\u00e9s au b\u00e2timent attenant existant.<\/p>\n<hr \/>\n<div class=\"pixcode  pixcode--grid  grid  \">\n\n<p class=\"small\"><div class=\"grid__item lap-four-twelfths\">\n\n<p class=\"small\"><strong>Programme\u00a0:<br \/>\n<\/strong>H\u00f4pital de jour enfants<\/p>\n<p class=\"small\">\n<\/div>\n\n<div class=\"grid__item lap-four-twelfths\">\n\n<p class=\"small\"><strong>Ma\u00eetre d&rsquo;ouvrage :<br \/>\n<\/strong>Les H\u00f4pitaux de Saint-Maurice<\/p>\n<p class=\"small\">Surface utile : 650 m\u00b2<br \/>\nEstimation des travaux : 1 555 000 \u20ac HT<\/p>\n<p class=\"small\">\n<\/div>\n\n<p class=\"small\"><div class=\"grid__item lap-four-twelfths\">\n\n<p class=\"small\"><strong>Ma\u00eetrise d&rsquo;\u0153uvre :<br \/>\n<\/strong>Ricardo Porro &amp; Renaud de La Noue, architectes<br \/>\nBETOM, BET tous corps d&rsquo;\u00e9tats<br \/>\nCAP TERRE, Conseil HQE<br \/>\nACV, Acousticien<\/p>\n<p class=\"small\">\n<\/div>\n\n\n<\/div>\n\n","protected":false},"excerpt":{"rendered":"<p>&nbsp; Description H\u00f4pital de jour d&rsquo;une capacit\u00e9 d&rsquo;une dizaine de places, pouvant accueillir des enfants de 2 \u00e0 12 ans, souffrant d&rsquo;autisme. Les enfants sont en soins de jour et scolaris\u00e9s en parall\u00e8le dans des \u00e9tablissements \u00e0 proximit\u00e9. Ancien site industriel, le terrain est en pente en milieu r\u00e9sidentiel dans une zone innondable. Le projet..<\/p>\n","protected":false},"author":1,"featured_media":0,"parent":0,"menu_order":0,"comment_status":"closed","ping_status":"closed","template":"","meta":[],"_links":{"self":[{"href":"https:\/\/delanouearchi.fr\/index.php\/wp-json\/wp\/v2\/pages\/1164"}],"collection":[{"href":"https:\/\/delanouearchi.fr\/index.php\/wp-json\/wp\/v2\/pages"}],"about":[{"href":"https:\/\/delanouearchi.fr\/index.php\/wp-json\/wp\/v2\/types\/page"}],"author":[{"embeddable":true,"href":"https:\/\/delanouearchi.fr\/index.php\/wp-json\/wp\/v2\/users\/1"}],"replies":[{"embeddable":true,"href":"https:\/\/delanouearchi.fr\/index.php\/wp-json\/wp\/v2\/comments?post=1164"}],"version-history":[{"count":2,"href":"https:\/\/delanouearchi.fr\/index.php\/wp-json\/wp\/v2\/pages\/1164\/revisions"}],"predecessor-version":[{"id":2120,"href":"https:\/\/delanouearchi.fr\/index.php\/wp-json\/wp\/v2\/pages\/1164\/revisions\/2120"}],"wp:attachment":[{"href":"https:\/\/delanouearchi.fr\/index.php\/wp-json\/wp\/v2\/media?parent=1164"}],"curies":[{"name":"wp","href":"https:\/\/api.w.org\/{rel}","templated":true}]}}