{"id":130,"date":"2014-12-10T10:43:54","date_gmt":"2014-12-10T10:43:54","guid":{"rendered":"http:\/\/pixelgrade.com\/demos\/mies\/?page_id=130"},"modified":"2017-02-03T16:31:51","modified_gmt":"2017-02-03T15:31:51","slug":"profile","status":"publish","type":"page","link":"https:\/\/delanouearchi.fr\/index.php\/profile\/","title":{"rendered":"Informations"},"content":{"rendered":"<div class=\"twocolumn\">\n<p><strong><img decoding=\"async\" loading=\"lazy\" class=\"aligncenter wp-image-1779 size-medium\" src=\"http:\/\/delanouearchi.fr\/wp-content\/uploads\/2014\/12\/renaud-300x300.png\" width=\"300\" height=\"300\" srcset=\"https:\/\/delanouearchi.fr\/wp-content\/uploads\/2014\/12\/renaud-300x300.png 300w, https:\/\/delanouearchi.fr\/wp-content\/uploads\/2014\/12\/renaud-150x150.png 150w, https:\/\/delanouearchi.fr\/wp-content\/uploads\/2014\/12\/renaud-385x385.png 385w, https:\/\/delanouearchi.fr\/wp-content\/uploads\/2014\/12\/renaud-400x400.png 400w, https:\/\/delanouearchi.fr\/wp-content\/uploads\/2014\/12\/renaud.png 423w\" sizes=\"(max-width: 300px) 100vw, 300px\" \/><\/strong><\/p>\n<p><strong>Renaud de La Noue<\/strong> a d\u00e9but\u00e9 son exercice d\u2019architecte lib\u00e9ral en 1986.<br \/>\nIl a con\u00e7u et r\u00e9alis\u00e9, seul ou en association avec Ricardo Porro, des projets tr\u00e8s vari\u00e9s, de la villa particuli\u00e8re au b\u00e2timent hospitalier, trouvant dans cette vari\u00e9t\u00e9, une fraicheur et un enthousiasme toujours renouvel\u00e9s.<\/p>\n<p>Attach\u00e9 \u00e0 la commande publique qui lui a permis de r\u00e9aliser une architecture humaniste, souvent qualifi\u00e9e de romantique, expressive ou organique, il sait aussi respecter les contraintes budg\u00e9taires des programmes actuels.<\/p>\n<p>Il assure toujours en totalit\u00e9 la mission de ma\u00eetrise d\u2019\u0153uvre, depuis la conception jusqu\u2019\u00e0 la livraison. Son travail de conception en trois dimensions, gr\u00e2ce \u00e0 l\u2019outil informatique et \u00e0 la r\u00e9alisation, au sein de l\u2019agence, de maquettes \u00e0 grande \u00e9chelle, permet d\u2019appr\u00e9hender des formes libres et nouvelles. Son \u0152uvre commune avec Ricardo Porro est publi\u00e9e en France et dans les revues du monde entier, Japon, Etats-Unis, Italie, Allemagne etc\u2026<\/p>\n<p>Depuis 1986 :<br \/>\n\u2022 95 000 m\u00b2 de surface hors \u0153uvre construits.<br \/>\n\u2022 15 000 m\u00b2 de surface hors \u0153uvre en \u00e9tude ou en cours de r\u00e9alisation.<\/p>\n<p>Domaines de comp\u00e9tence :<br \/>\n\u2022 Conception et r\u00e9alisation d\u2019\u00e9quipements publics : culture, enseignement, sant\u00e9, administration.<br \/>\n\u2022 Conception et r\u00e9alisation de b\u00e2timents priv\u00e9s : maisons particuli\u00e8res, bureaux.<\/p>\n<\/div>\n","protected":false},"excerpt":{"rendered":"<p>Renaud de La Noue a d\u00e9but\u00e9 son exercice d\u2019architecte lib\u00e9ral en 1986. Il a con\u00e7u et r\u00e9alis\u00e9, seul ou en association avec Ricardo Porro, des projets tr\u00e8s vari\u00e9s, de la villa particuli\u00e8re au b\u00e2timent hospitalier, trouvant dans cette vari\u00e9t\u00e9, une fraicheur et un enthousiasme toujours renouvel\u00e9s. Attach\u00e9 \u00e0 la commande publique qui lui a permis..<\/p>\n","protected":false},"author":1,"featured_media":0,"parent":0,"menu_order":0,"comment_status":"closed","ping_status":"closed","template":"","meta":[],"_links":{"self":[{"href":"https:\/\/delanouearchi.fr\/index.php\/wp-json\/wp\/v2\/pages\/130"}],"collection":[{"href":"https:\/\/delanouearchi.fr\/index.php\/wp-json\/wp\/v2\/pages"}],"about":[{"href":"https:\/\/delanouearchi.fr\/index.php\/wp-json\/wp\/v2\/types\/page"}],"author":[{"embeddable":true,"href":"https:\/\/delanouearchi.fr\/index.php\/wp-json\/wp\/v2\/users\/1"}],"replies":[{"embeddable":true,"href":"https:\/\/delanouearchi.fr\/index.php\/wp-json\/wp\/v2\/comments?post=130"}],"version-history":[{"count":8,"href":"https:\/\/delanouearchi.fr\/index.php\/wp-json\/wp\/v2\/pages\/130\/revisions"}],"predecessor-version":[{"id":1781,"href":"https:\/\/delanouearchi.fr\/index.php\/wp-json\/wp\/v2\/pages\/130\/revisions\/1781"}],"wp:attachment":[{"href":"https:\/\/delanouearchi.fr\/index.php\/wp-json\/wp\/v2\/media?parent=130"}],"curies":[{"name":"wp","href":"https:\/\/api.w.org\/{rel}","templated":true}]}}