{"id":1858,"date":"2017-02-28T12:04:49","date_gmt":"2017-02-28T11:04:49","guid":{"rendered":"http:\/\/delanouearchi.fr\/?page_id=1858"},"modified":"2017-02-28T17:16:54","modified_gmt":"2017-02-28T16:16:54","slug":"etampes-conception","status":"publish","type":"page","link":"https:\/\/delanouearchi.fr\/index.php\/etampes-conception\/","title":{"rendered":"etampes-conception"},"content":{"rendered":"<p style=\"text-align: center;\"><a  class=\"pixcode  pixcode--btn  btn  kiko-bouton-on\"  ><i class=\"pixcode  pixcode--icon  icon-pencil    small  \"><\/i> Dessins<\/a>\n<p>&nbsp;<\/p>\n<i class=\"pixcode  pixcode--icon  icon-e-info-circled    medium  \"><\/i> <strong>Description<\/strong><\/p>\n<p>L\u2019image de l\u2019\u00e9cole est ici celle d\u2019un monde organique o\u00f9 les b\u00e2timents sugg\u00e8rent des formes naturelles, min\u00e9rales, animales et v\u00e9g\u00e9tales ; les toitures cr\u00e9ent un paysage d\u2019ondulations tranquilles, paysage de collines dans le lointain.<\/p>\n<p>Cette petite cit\u00e9 \u00e9ducative articule les deux visages d&rsquo;une m\u00eame architecture\u00a0&#8211; \u00e9cole primaire, structure multi-accueil &#8211; autour de son\u00a0parvis-jardin qui dessert les entr\u00e9es, faisant \u00e9cho\u00a0\u00e0 l&rsquo;urbanisme bic\u00e9phale environnant.<\/p>\n<p>Si les fa\u00e7ades sur rues, pour marquer ou respecter les alignements des voies sont droites, les b\u00e2timents forment sur le jardin une composition libre, souple, fluide\u00a0et m\u00eame organique, soulign\u00e9es par\u00a0les toitures et les baies incurv\u00e9es des grandes salles. Le jardin, microcosme pens\u00e9 pour les plus jeunes, en est le\u00a0lieu central, prot\u00e9g\u00e9, exceptionnel, doux et chaleureux.<\/p>\n<hr \/>\n<div class=\"pixcode  pixcode--grid  grid  \">\n\n<p class=\"small\"><div class=\"grid__item lap-four-twelfths\">\n\n<p class=\"small\"><strong>Programme\u00a0:<br \/>\n<\/strong>Cr\u00e8che, \u00e9cole maternelle, \u00e9cole primaire<\/p>\n<p class=\"small\">D\u00e9marche H.Q.E. :<br \/>\nRelation du b\u00e2timent avec son environnement imm\u00e9diat<br \/>\nChoix dans produits int\u00e9gr\u00e9 des constructions<br \/>\nGestion de l\u2019\u00e9nergie<br \/>\nGestion de l\u2019entretien et de la maintenance<br \/>\nConfort, acoustique et visuel<\/p>\n<p class=\"small\">\n<\/div>\n\n<div class=\"grid__item lap-four-twelfths\">\n\n<p class=\"small\"><strong>Ma\u00eetre d&rsquo;ouvrage :<br \/>\n<\/strong>Ville d&rsquo;\u00c9tampes<\/p>\n<p class=\"small\">SHON : 2 885 m\u00b2<br \/>\nSurface utile : 2 486\u00a0m\u00b2<br \/>\nEstimation des travaux : 4 985 000\u00a0\u20ac HT<\/p>\n<p class=\"small\">\n<\/div>\n\n<p class=\"small\"><div class=\"grid__item lap-four-twelfths\">\n\n<p class=\"small\"><strong>Ma\u00eetrise d&rsquo;\u0153uvre :<br \/>\n<\/strong>Ricardo Porro &amp; Renaud de La Noue, architectes<br \/>\nBETCI, BET tous corps d&rsquo;\u00e9tats<br \/>\nTOHIER S.A., \u00c9conomiste<br \/>\nACV, Acousticien<br \/>\nSLG Paysage, Paysagiste<\/p>\n<p class=\"small\">\n<\/div>\n\n\n<\/div>\n\n","protected":false},"excerpt":{"rendered":"<p>&nbsp; Description L\u2019image de l\u2019\u00e9cole est ici celle d\u2019un monde organique o\u00f9 les b\u00e2timents sugg\u00e8rent des formes naturelles, min\u00e9rales, animales et v\u00e9g\u00e9tales ; les toitures cr\u00e9ent un paysage d\u2019ondulations tranquilles, paysage de collines dans le lointain. Cette petite cit\u00e9 \u00e9ducative articule les deux visages d&rsquo;une m\u00eame architecture\u00a0&#8211; \u00e9cole primaire, structure multi-accueil &#8211; autour de son\u00a0parvis-jardin..<\/p>\n","protected":false},"author":1,"featured_media":0,"parent":0,"menu_order":0,"comment_status":"closed","ping_status":"closed","template":"","meta":[],"_links":{"self":[{"href":"https:\/\/delanouearchi.fr\/index.php\/wp-json\/wp\/v2\/pages\/1858"}],"collection":[{"href":"https:\/\/delanouearchi.fr\/index.php\/wp-json\/wp\/v2\/pages"}],"about":[{"href":"https:\/\/delanouearchi.fr\/index.php\/wp-json\/wp\/v2\/types\/page"}],"author":[{"embeddable":true,"href":"https:\/\/delanouearchi.fr\/index.php\/wp-json\/wp\/v2\/users\/1"}],"replies":[{"embeddable":true,"href":"https:\/\/delanouearchi.fr\/index.php\/wp-json\/wp\/v2\/comments?post=1858"}],"version-history":[{"count":2,"href":"https:\/\/delanouearchi.fr\/index.php\/wp-json\/wp\/v2\/pages\/1858\/revisions"}],"predecessor-version":[{"id":1863,"href":"https:\/\/delanouearchi.fr\/index.php\/wp-json\/wp\/v2\/pages\/1858\/revisions\/1863"}],"wp:attachment":[{"href":"https:\/\/delanouearchi.fr\/index.php\/wp-json\/wp\/v2\/media?parent=1858"}],"curies":[{"name":"wp","href":"https:\/\/api.w.org\/{rel}","templated":true}]}}