{"id":1878,"date":"2017-03-01T11:06:00","date_gmt":"2017-03-01T10:06:00","guid":{"rendered":"http:\/\/delanouearchi.fr\/?page_id=1878"},"modified":"2017-03-20T11:24:21","modified_gmt":"2017-03-20T10:24:21","slug":"buironfosse-conception","status":"publish","type":"page","link":"https:\/\/delanouearchi.fr\/index.php\/buironfosse-conception\/","title":{"rendered":"buironfosse-conception"},"content":{"rendered":"<p style=\"text-align: center;\"><a  class=\"pixcode  pixcode--btn  btn  kiko-bouton-on\"  ><i class=\"pixcode  pixcode--icon  icon-pencil    small  \"><\/i> Dessins<\/a>\n<p>&nbsp;<\/p>\n<i class=\"pixcode  pixcode--icon  icon-e-info-circled    medium  \"><\/i> <strong>Description<\/strong><\/p>\n<p>La pr\u00e9sence d&rsquo;une vaste maison construite en 1895, aux qualit\u00e9s architecturales manifestes mais d\u2019une majestueuse froideur,\u00a0 a conduit ici \u00e0 cr\u00e9er un b\u00e2timent double.<\/p>\n<p>D\u2019une part une place d\u2019entr\u00e9e devant l&rsquo;ancienne maison r\u00e9habilit\u00e9e et bord\u00e9e par une aile en retour, dont l\u2019architecture s\u2019harmonise avec la maison de retraite ainsi qu\u2019avec l\u2019ancienne brasserie voisine. D\u2019autre part, un b\u00e2timent gai et vif regroupant les lieux de r\u00e9sidence qui s\u2019\u00e9tend sur le c\u00f4t\u00e9 et derri\u00e8re la maison \u00e0 travers le jardin.<\/p>\n<p>Les chambres des pensionnaires sont de formes diverses afin de favoriser leur appropriation. Les salles communes situ\u00e9es au centre de l\u2019\u00e9tablissement sont mises en sc\u00e8ne gr\u00e2ce au jeu des volumes, des courbes et\u00a0 des couleurs. baign\u00e9es de lumi\u00e8re, \u00e0 double orientation, leurs terrasses sont ouvertes sur les patios paysagers ; l&rsquo;am\u00e9nagement de ces derniers jouent\u00a0 avec les th\u00e8mes arbustifs, th\u00e9rapeutiques, de type verger et mara\u00eecher, et une voli\u00e8re \u00e9ventuelle.<\/p>\n<hr \/>\n<div class=\"pixcode  pixcode--grid  grid  \">\n\n<p class=\"small\"><div class=\"grid__item lap-four-twelfths\">\n\n<p class=\"small\"><strong>Programme\u00a0:<br \/>\n<\/strong>Restructuration et extension d&rsquo;un EHPAD de 60 lits<\/p>\n<p class=\"small\">\n<\/div>\n\n<div class=\"grid__item lap-four-twelfths\">\n\n<p class=\"small\"><strong>Ma\u00eetre d&rsquo;ouvrage :<br \/>\n<\/strong>Maison de retraite de Buironfosse<br \/>\nMandataire : ICADE<\/p>\n<p class=\"small\">SHON : 4 200 m\u00b2<br \/>\nEstimation des travaux : 5 747 800 \u20ac HT<\/p>\n<p class=\"small\">\n<\/div>\n\n<p class=\"small\"><div class=\"grid__item lap-four-twelfths\">\n\n<p class=\"small\"><strong>Ma\u00eetrise d&rsquo;\u0153uvre :<br \/>\n<\/strong>Ricardo Porro &amp; Renaud de La Noue, architectes<br \/>\nBETCI, BET tous corps d&rsquo;\u00e9tats<br \/>\nTOHIER S.A., \u00c9conomiste<\/p>\n<p class=\"small\">\n<\/div>\n\n\n<\/div>\n\n","protected":false},"excerpt":{"rendered":"<p>&nbsp; Description La pr\u00e9sence d&rsquo;une vaste maison construite en 1895, aux qualit\u00e9s architecturales manifestes mais d\u2019une majestueuse froideur,\u00a0 a conduit ici \u00e0 cr\u00e9er un b\u00e2timent double. D\u2019une part une place d\u2019entr\u00e9e devant l&rsquo;ancienne maison r\u00e9habilit\u00e9e et bord\u00e9e par une aile en retour, dont l\u2019architecture s\u2019harmonise avec la maison de retraite ainsi qu\u2019avec l\u2019ancienne brasserie voisine&#8230;<\/p>\n","protected":false},"author":1,"featured_media":0,"parent":0,"menu_order":0,"comment_status":"closed","ping_status":"closed","template":"","meta":[],"_links":{"self":[{"href":"https:\/\/delanouearchi.fr\/index.php\/wp-json\/wp\/v2\/pages\/1878"}],"collection":[{"href":"https:\/\/delanouearchi.fr\/index.php\/wp-json\/wp\/v2\/pages"}],"about":[{"href":"https:\/\/delanouearchi.fr\/index.php\/wp-json\/wp\/v2\/types\/page"}],"author":[{"embeddable":true,"href":"https:\/\/delanouearchi.fr\/index.php\/wp-json\/wp\/v2\/users\/1"}],"replies":[{"embeddable":true,"href":"https:\/\/delanouearchi.fr\/index.php\/wp-json\/wp\/v2\/comments?post=1878"}],"version-history":[{"count":7,"href":"https:\/\/delanouearchi.fr\/index.php\/wp-json\/wp\/v2\/pages\/1878\/revisions"}],"predecessor-version":[{"id":1937,"href":"https:\/\/delanouearchi.fr\/index.php\/wp-json\/wp\/v2\/pages\/1878\/revisions\/1937"}],"wp:attachment":[{"href":"https:\/\/delanouearchi.fr\/index.php\/wp-json\/wp\/v2\/media?parent=1878"}],"curies":[{"name":"wp","href":"https:\/\/api.w.org\/{rel}","templated":true}]}}