{"id":1901,"date":"2017-03-01T12:14:56","date_gmt":"2017-03-01T11:14:56","guid":{"rendered":"http:\/\/delanouearchi.fr\/?page_id=1901"},"modified":"2017-03-14T20:21:18","modified_gmt":"2017-03-14T19:21:18","slug":"romans-conception","status":"publish","type":"page","link":"https:\/\/delanouearchi.fr\/index.php\/romans-conception\/","title":{"rendered":"romans-conception"},"content":{"rendered":"<i class=\"pixcode  pixcode--icon  icon-e-info-circled    medium  \"><\/i> <strong>Description<\/strong><\/p>\n<p>Implant\u00e9 sur un site exceptionnel, la Cit\u00e9 de la Musique joue avec son environnement pour s&rsquo;int\u00e9grer naturellement \u00e0 son urbanisme organique. Cette Cit\u00e9 appara\u00eet comme un ensemble de b\u00e2timents agglom\u00e9r\u00e9s les uns aux autres, comme le furent ceux de la vieille ville. Elle en respecte ainsi l\u2019\u00e9chelle et bien que r\u00e9solument contemporaine son architecture s\u2019int\u00e8gre sans heurts dans le magnifique paysage vu depuis le plateau.<\/p>\n<hr \/>\n<div class=\"pixcode  pixcode--grid  grid  \">\n\n<p class=\"small\"><div class=\"grid__item lap-four-twelfths\">\n\n<p class=\"small\"><strong>Programme\u00a0:<br \/>\n<\/strong>Cit\u00e9 de la Musique du Pays de Romans<\/p>\n<p class=\"small\">\n<\/div>\n\n<div class=\"grid__item lap-four-twelfths\">\n\n<p class=\"small\"><strong>Ma\u00eetre d&rsquo;ouvrage :<br \/>\n<\/strong>Communaut\u00e9 de Communes du Pays de Romans<\/p>\n<p class=\"small\">SHON : 3 1777 m\u00b2<br \/>\nEstimation des travaux : 5 747 800 \u20ac HT<\/p>\n<p class=\"small\">\n<\/div>\n\n<p class=\"small\"><div class=\"grid__item lap-four-twelfths\">\n\n<p class=\"small\"><strong>Ma\u00eetrise d&rsquo;\u0153uvre :<br \/>\n<\/strong>Ricardo Porro &amp; Renaud de La Noue, architectes<br \/>\nBETCI, BET tous corps d&rsquo;\u00e9tats<br \/>\nTOHIER S.A., \u00c9conomiste<br \/>\nACV, Acousticien<br \/>\nACORA, Sc\u00e9nographe<\/p>\n<p class=\"small\">\n<\/div>\n\n\n<\/div>\n\n","protected":false},"excerpt":{"rendered":"<p>Description Implant\u00e9 sur un site exceptionnel, la Cit\u00e9 de la Musique joue avec son environnement pour s&rsquo;int\u00e9grer naturellement \u00e0 son urbanisme organique. Cette Cit\u00e9 appara\u00eet comme un ensemble de b\u00e2timents agglom\u00e9r\u00e9s les uns aux autres, comme le furent ceux de la vieille ville. Elle en respecte ainsi l\u2019\u00e9chelle et bien que r\u00e9solument contemporaine son architecture..<\/p>\n","protected":false},"author":1,"featured_media":0,"parent":0,"menu_order":0,"comment_status":"closed","ping_status":"closed","template":"","meta":[],"_links":{"self":[{"href":"https:\/\/delanouearchi.fr\/index.php\/wp-json\/wp\/v2\/pages\/1901"}],"collection":[{"href":"https:\/\/delanouearchi.fr\/index.php\/wp-json\/wp\/v2\/pages"}],"about":[{"href":"https:\/\/delanouearchi.fr\/index.php\/wp-json\/wp\/v2\/types\/page"}],"author":[{"embeddable":true,"href":"https:\/\/delanouearchi.fr\/index.php\/wp-json\/wp\/v2\/users\/1"}],"replies":[{"embeddable":true,"href":"https:\/\/delanouearchi.fr\/index.php\/wp-json\/wp\/v2\/comments?post=1901"}],"version-history":[{"count":1,"href":"https:\/\/delanouearchi.fr\/index.php\/wp-json\/wp\/v2\/pages\/1901\/revisions"}],"predecessor-version":[{"id":1902,"href":"https:\/\/delanouearchi.fr\/index.php\/wp-json\/wp\/v2\/pages\/1901\/revisions\/1902"}],"wp:attachment":[{"href":"https:\/\/delanouearchi.fr\/index.php\/wp-json\/wp\/v2\/media?parent=1901"}],"curies":[{"name":"wp","href":"https:\/\/api.w.org\/{rel}","templated":true}]}}