{"id":647,"date":"2017-01-31T12:08:50","date_gmt":"2017-01-31T11:08:50","guid":{"rendered":"http:\/\/delanouearchi.fr\/?page_id=647"},"modified":"2017-04-04T09:34:20","modified_gmt":"2017-04-04T08:34:20","slug":"chartres-realisation","status":"publish","type":"page","link":"https:\/\/delanouearchi.fr\/index.php\/chartres-realisation\/","title":{"rendered":"chartres-realisation"},"content":{"rendered":"<p style=\"text-align: center;\"><a  class=\"pixcode  pixcode--btn  btn  kiko-projets\" href=\"http:\/\/delanouearchi.fr\/index.php\/frontpage\/projets\/\" ><i class=\"pixcode  pixcode--icon  icon-th    small  \"><\/i> Projets<\/a> <a  class=\"pixcode  pixcode--btn  btn  kiko-bouton-on\"  ><i class=\"pixcode  pixcode--icon  icon-camera    small  \"><\/i> R\u00e9alisation<\/a>\n<a  class=\"pixcode  pixcode--btn  btn  kiko-bouton\" href=\"http:\/\/delanouearchi.fr\/index.php\/chartres-chantier\/\" ><i class=\"pixcode  pixcode--icon  icon-wrench    small  \"><\/i> Chantier<\/a>\n<a  class=\"pixcode  pixcode--btn  btn  kiko-bouton\" href=\"http:\/\/delanouearchi.fr\/index.php\/chartres-conception\/\" ><i class=\"pixcode  pixcode--icon  icon-pencil    small  \"><\/i> Conception<\/a>\n<p>&nbsp;<\/p>\n<i class=\"pixcode  pixcode--icon  icon-e-info-circled    medium  \"><\/i> <strong>Description<\/strong><\/p>\n<p>Le Centre de r\u00e9adaptation fonctionnel (CRF de Beaurouvre), \u00e9tablissement g\u00e9r\u00e9 par l\u2019UGECAM du CENTRE est une structure de soins de suite (SSR) sp\u00e9cialis\u00e9e dans les prises en charges des affections des syst\u00e8mes nerveux, locomoteur et des personnes \u00e2g\u00e9es poly pathologiques.<\/p>\n<p>L\u2019op\u00e9ration pr\u00e9voit la construction d\u2019un b\u00e2timent de plain pied comprenant une structure de type H\u00f4pital de Jour de M\u00e9decine Physique de R\u00e9adaptation de 20 places ; il traite 30 \u00e0 35 patients en simultan\u00e9 par jour sur 220 jours de prise en charge. Diff\u00e9rentes entit\u00e9s fonctionnelles sont li\u00e9es au mode de prise en charge : Accueil \/ consultations, r\u00e9\u00e9ducation polyvalente &#8211; un plateau technique de kin\u00e9sith\u00e9rapie et d\u2019ergoth\u00e9rapie pour des prises en charges individuelles et collectives &#8211; , baln\u00e9oth\u00e9rapie, restauration, lingerie et cr\u00e9ation de 25 places de stationnement.<\/p>\n<p>L&rsquo;organisation compacte est dynamis\u00e9e par ses toitures m\u00e9talliques inclin\u00e9es et saillantes et par de l\u00e9gers d\u00e9calages des volumes. Les ouvertures ainsi cr\u00e9es, failles dans le bloc, apportent la clart\u00e9 du jour au c\u0153ur du b\u00e2ti et lient l\u2019espace int\u00e9rieur \u00e0 l\u2019ext\u00e9rieur. Deux toitures d\u00e9bordant largement prot\u00e8gent le parvis d\u2019entr\u00e9e et l\u2019espace de d\u00e9pose rapide. Le sas du hall est surmont\u00e9 d\u2019une verri\u00e8re, dont les vitrages l\u00e9g\u00e8rement teint\u00e9s apportent une lumi\u00e8re douce et changeante. Lieu de transition il est largement \u00e9clair\u00e9 sur toute sa profondeur par une verri\u00e8re inscrite sous sa toiture inclin\u00e9e.<\/p>\n<p>De part et d\u2019autre de l\u2019entr\u00e9e, le secr\u00e9tariat et le bureau infirmier sont centraux et permettent une surveillance ais\u00e9e de l\u2019ensemble de l\u2019\u00e9tablissement. La r\u00e9\u00e9ducation polyvalente est organis\u00e9e autour du bureau des r\u00e9\u00e9ducateurs qui peuvent ainsi acc\u00e9der directement \u00e0 toutes les pi\u00e8ces. La salle de kin\u00e9sith\u00e9rapie est un volume important, illumin\u00e9 sur toute sa profondeur et ouvert sur le jardin intime pr\u00e9serv\u00e9 au fond de la parcelle. La baln\u00e9oth\u00e9rapie forme un ensemble \u00e9clair\u00e9 par une large baie de toute hauteur sur le jardin intime du fond de la parcelle.<\/p>\n<p>La construction privil\u00e9gie des solutions l\u00e9g\u00e8res : structure et charpente bois, fa\u00e7ades l\u00e9g\u00e8res par panneaux stratifi\u00e9s, bacs m\u00e9talliques, r\u00e9servant le mode de construction lourde traditionnelle (voile et plancher b\u00e9ton) aux locaux techniques.<\/p>\n<hr \/>\n<p class=\"small\"><div class=\"pixcode  pixcode--grid  grid  \">\n\n<p class=\"small\"><div class=\"grid__item lap-four-twelfths\">\n\n<p class=\"small\"><strong>Programme :<br \/>\n<\/strong>Centre de r\u00e9adaptation fonctionnel :<br \/>\nAccueil \/ consultations, r\u00e9\u00e9ducation polyvalente<br \/>\nPlateau technique de kin\u00e9sith\u00e9rapie et d\u2019ergoth\u00e9rapie, baln\u00e9oth\u00e9rapie, restauration, lingerie<strong><br \/>\n<\/strong><\/p>\n<p class=\"small\">\n<\/div>\n\n<p class=\"small\"><div class=\"grid__item lap-four-twelfths\">\n\n<p class=\"small\"><strong>Ma\u00eetre d&rsquo;ouvrage :<br \/>\n<\/strong>UGECAM Centre<br \/>\nCFR de Beaurouvre<\/p>\n<p class=\"small\">SHON : 900 m\u00b2<br \/>\nMontant des travaux : 1,76 M\u20ac<\/p>\n<p class=\"small\">\n<\/div>\n\n<p class=\"small\"><div class=\"grid__item lap-four-twelfths\">\n\n<p class=\"small\"><strong>Ma\u00eetrise d&rsquo;\u0153uvre :<\/strong><br \/>\nBET tous corps d&rsquo;\u00e9tat, Pilotage et coordination :<br \/>\nSOGETI Ing\u00e9nierie<\/p>\n<p class=\"small\">Livraison : octobre 2015<\/p>\n<p class=\"small\">\n<\/div>\n\n<p class=\"small\">\n<\/div>\n\n","protected":false},"excerpt":{"rendered":"<p>&nbsp; Description Le Centre de r\u00e9adaptation fonctionnel (CRF de Beaurouvre), \u00e9tablissement g\u00e9r\u00e9 par l\u2019UGECAM du CENTRE est une structure de soins de suite (SSR) sp\u00e9cialis\u00e9e dans les prises en charges des affections des syst\u00e8mes nerveux, locomoteur et des personnes \u00e2g\u00e9es poly pathologiques. L\u2019op\u00e9ration pr\u00e9voit la construction d\u2019un b\u00e2timent de plain pied comprenant une structure de..<\/p>\n","protected":false},"author":1,"featured_media":0,"parent":0,"menu_order":0,"comment_status":"closed","ping_status":"closed","template":"","meta":[],"_links":{"self":[{"href":"https:\/\/delanouearchi.fr\/index.php\/wp-json\/wp\/v2\/pages\/647"}],"collection":[{"href":"https:\/\/delanouearchi.fr\/index.php\/wp-json\/wp\/v2\/pages"}],"about":[{"href":"https:\/\/delanouearchi.fr\/index.php\/wp-json\/wp\/v2\/types\/page"}],"author":[{"embeddable":true,"href":"https:\/\/delanouearchi.fr\/index.php\/wp-json\/wp\/v2\/users\/1"}],"replies":[{"embeddable":true,"href":"https:\/\/delanouearchi.fr\/index.php\/wp-json\/wp\/v2\/comments?post=647"}],"version-history":[{"count":10,"href":"https:\/\/delanouearchi.fr\/index.php\/wp-json\/wp\/v2\/pages\/647\/revisions"}],"predecessor-version":[{"id":2119,"href":"https:\/\/delanouearchi.fr\/index.php\/wp-json\/wp\/v2\/pages\/647\/revisions\/2119"}],"wp:attachment":[{"href":"https:\/\/delanouearchi.fr\/index.php\/wp-json\/wp\/v2\/media?parent=647"}],"curies":[{"name":"wp","href":"https:\/\/api.w.org\/{rel}","templated":true}]}}