{"id":662,"date":"2017-01-31T12:19:49","date_gmt":"2017-01-31T11:19:49","guid":{"rendered":"http:\/\/delanouearchi.fr\/?page_id=662"},"modified":"2017-02-01T12:43:52","modified_gmt":"2017-02-01T11:43:52","slug":"boiscolombes-chantier","status":"publish","type":"page","link":"https:\/\/delanouearchi.fr\/index.php\/boiscolombes-chantier\/","title":{"rendered":"boiscolombes-chantier"},"content":{"rendered":"<p style=\"text-align: center;\"><a  class=\"pixcode  pixcode--btn  btn  kiko-bouton-on\"  ><i class=\"pixcode  pixcode--icon  icon-wrench    small  \"><\/i> Chantier<\/a>\n<a  class=\"pixcode  pixcode--btn  btn  kiko-bouton\" href=\"http:\/\/delanouearchi.fr\/index.php\/boiscolombes-conception\/\" ><i class=\"pixcode  pixcode--icon  icon-pencil    small  \"><\/i> Dessins<\/a>\n<p>&nbsp;<\/p>\n<i class=\"pixcode  pixcode--icon  icon-e-info-circled    medium  \"><\/i> <strong>Description<\/strong><\/p>\n<p>R\u00e9habilitation, extension et \u00e9volution de l\u2019actuelle \u00e9cole \u00e9l\u00e9mentaire Saint-Exup\u00e9ry (6 classes) en vue de la cr\u00e9ation d\u2019une \u00e9cole primaire de 16 classes (6 maternelles et 10 \u00e9l\u00e9mentaires), cette op\u00e9ration s\u2019inscrit dans une d\u00e9marche volontariste de d\u00e9veloppement durable avec certification HQE\u00a9 et des objectifs de haute performance \u00e9nerg\u00e9tique (H.P.E) et haute qualit\u00e9 d\u2019usage (H.Q.U). Elle n\u00e9cessitera un phasage rigoureux permettant l\u2019usage de l\u2019\u00e9cole pendant la dur\u00e9e des travaux.<\/p>\n<p>L&rsquo;actuelle \u00e9cole \u00e9l\u00e9mentaire est agrandie horizontalement et convertie en \u00e9cole maternelle. Son image est pr\u00e9serv\u00e9e, son architecture d&rsquo;origine reste lisible, les extensions apparaissant volontairement en tant que telles. Sur le reste du terrain, ouvert sur une autre rue,\u00a0est construit la nouvelle \u00e9cole primaire.\u00a0Sa fa\u00e7ade devient la nouvelle image de l\u2019\u00e9cole : dynamique, puissante et color\u00e9e. Jouant entre retrait et alignement, respectant un certain \u00e9quilibre plein\/vide, sa ligne de cr\u00eate s\u2019int\u00e8gre sans heurts \u00e0 celle des pavillons et des cl\u00f4tures de la rue.<\/p>\n<p>Les deux entit\u00e9s semblent pouvoir vivre en ind\u00e9pendance, mais restent li\u00e9es organiquement, comme attach\u00e9es l\u2019une \u00e0 l\u2019autre, formant un ensemble riche, fonctionnel et coh\u00e9rent.<\/p>\n<hr \/>\n<div class=\"pixcode  pixcode--grid  grid  \">\n\n<div class=\"grid__item lap-six-twelfths\">\n\n<p class=\"small\"><strong>Ma\u00eetre d&rsquo;ouvrage :<\/strong><br \/>\nVille de Bois-Colombes<br \/>\nLivraison : 2017<\/p>\n<p class=\"small\">Mission de base loi MOP<br \/>\nExtension et r\u00e9habilitation<br \/>\nSHON : 4.275 m\u00b2 dont 2.850 m\u00b2 neuf et 1.425 m\u00b2 r\u00e9hab.<br \/>\nMontant des travaux : 8.170.000 \u20ac HT<\/p>\n\n<\/div>\n\n<div class=\"grid__item lap-six-twelfths\">\n\n<p class=\"small\"><strong>Ma\u00eetrise d&rsquo;\u0153uvre :<\/strong><br \/>\nFACEA, BET structure et fluide, \u00e9conomiste<br \/>\nTERAO, Sp\u00e9cialiste HQE<br \/>\nPHUSIS, Paysagiste<br \/>\nACV, Acousticien<br \/>\nERGO ZEN, Ergonomiste<\/p>\n\n<\/div>\n\n\n<\/div>\n\n<p>&nbsp;<\/p>\n","protected":false},"excerpt":{"rendered":"<p>&nbsp; Description R\u00e9habilitation, extension et \u00e9volution de l\u2019actuelle \u00e9cole \u00e9l\u00e9mentaire Saint-Exup\u00e9ry (6 classes) en vue de la cr\u00e9ation d\u2019une \u00e9cole primaire de 16 classes (6 maternelles et 10 \u00e9l\u00e9mentaires), cette op\u00e9ration s\u2019inscrit dans une d\u00e9marche volontariste de d\u00e9veloppement durable avec certification HQE\u00a9 et des objectifs de haute performance \u00e9nerg\u00e9tique (H.P.E) et haute qualit\u00e9 d\u2019usage (H.Q.U)&#8230;<\/p>\n","protected":false},"author":1,"featured_media":0,"parent":0,"menu_order":0,"comment_status":"closed","ping_status":"closed","template":"","meta":[],"_links":{"self":[{"href":"https:\/\/delanouearchi.fr\/index.php\/wp-json\/wp\/v2\/pages\/662"}],"collection":[{"href":"https:\/\/delanouearchi.fr\/index.php\/wp-json\/wp\/v2\/pages"}],"about":[{"href":"https:\/\/delanouearchi.fr\/index.php\/wp-json\/wp\/v2\/types\/page"}],"author":[{"embeddable":true,"href":"https:\/\/delanouearchi.fr\/index.php\/wp-json\/wp\/v2\/users\/1"}],"replies":[{"embeddable":true,"href":"https:\/\/delanouearchi.fr\/index.php\/wp-json\/wp\/v2\/comments?post=662"}],"version-history":[{"count":4,"href":"https:\/\/delanouearchi.fr\/index.php\/wp-json\/wp\/v2\/pages\/662\/revisions"}],"predecessor-version":[{"id":1451,"href":"https:\/\/delanouearchi.fr\/index.php\/wp-json\/wp\/v2\/pages\/662\/revisions\/1451"}],"wp:attachment":[{"href":"https:\/\/delanouearchi.fr\/index.php\/wp-json\/wp\/v2\/media?parent=662"}],"curies":[{"name":"wp","href":"https:\/\/api.w.org\/{rel}","templated":true}]}}