{"id":682,"date":"2017-01-31T12:45:11","date_gmt":"2017-01-31T11:45:11","guid":{"rendered":"http:\/\/delanouearchi.fr\/?page_id=682"},"modified":"2017-03-29T12:18:56","modified_gmt":"2017-03-29T11:18:56","slug":"argenteuil-realisation","status":"publish","type":"page","link":"https:\/\/delanouearchi.fr\/index.php\/argenteuil-realisation\/","title":{"rendered":"argenteuil-r\u00e9alisation"},"content":{"rendered":"<p style=\"text-align: center;\"><a  class=\"pixcode  pixcode--btn  btn  kiko-projets\" href=\"http:\/\/delanouearchi.fr\/index.php\/frontpage\/projets\/\" ><i class=\"pixcode  pixcode--icon  icon-th    small  \"><\/i> Projets<\/a> <a  class=\"pixcode  pixcode--btn  btn  kiko-bouton-on\"  ><i class=\"pixcode  pixcode--icon  icon-camera    small  \"><\/i> R\u00e9alisation<\/a>\n<a  class=\"pixcode  pixcode--btn  btn  kiko-bouton\" href=\"http:\/\/delanouearchi.fr\/index.php\/argenteuil-chantier\/\" ><i class=\"pixcode  pixcode--icon  icon-wrench    small  \"><\/i> Chantier<\/a>\n<a  class=\"pixcode  pixcode--btn  btn  kiko-bouton\" href=\"http:\/\/delanouearchi.fr\/index.php\/argenteuil-conception\/\" ><i class=\"pixcode  pixcode--icon  icon-pencil    small  \"><\/i> Conception<\/a>\n<p>&nbsp;<\/p>\n<i class=\"pixcode  pixcode--icon  icon-e-info-circled    medium  \"><\/i> <strong>Description<\/strong><\/p>\n<p>Imagin\u00e9 \u00e0 l\u2019image de la jeunesse c\u2019est un b\u00e2timent dynamique, fluide et vivant, v\u00e9ritablement organique. Franck Loyd Wright consid\u00e9rait qu&rsquo;une architecture na\u00eet de la rencontre des n\u00e9cessit\u00e9s des gens avec l&rsquo;esprit du lieu, \u00e0 la mani\u00e8re d&rsquo;un organisme vivant. Ainsi ce lyc\u00e9e se d\u00e9veloppe avec la plus grande libert\u00e9 et une totale fra\u00eecheur selon les imp\u00e9ratifs du site, orientation, topographie, nuisances, acc\u00e8s, v\u00e9g\u00e9tation, les options fondamentales dict\u00e9es par les valeurs de la haute qualit\u00e9 environnementale et les souhaits et imp\u00e9ratifs des utilisateurs. Mais aussi, suivant la n\u00e9cessaire ad\u00e9quation de l\u2019image et de la fonction.<\/p>\n<p>Sa grande fa\u00e7ade sud, convexe, que son d\u00e9vers, retenu par des poteaux arborescents, prot\u00e8ge d\u2019un ensoleillement incommodant, domine un grand parking et fait face \u00e0 la gare voisine. Elle impose le b\u00e2timent dans ce paysage de longues et sinueuses horizontales, voies, quais, routes. Elle s\u00e9pare aussi le monde du d\u00e9placement de celui de la vie commune.<\/p>\n<p>A l\u2019ouest, le long du chemin paysag\u00e9 d\u2019acc\u00e8s au lyc\u00e9e, le mouvement du marcheur est accompagn\u00e9 par la cin\u00e9matique de la fa\u00e7ade fluide et rythm\u00e9e qui le conduit jusqu\u2019\u00e0 l\u2019entr\u00e9e.<\/p>\n<p>Les b\u00e2timents, courbes, encadrent la cour qui devient place, plant\u00e9e et \u00e9tag\u00e9e, ils s\u2019articulent souplement, semblent se prolonger l\u2019un l\u2019autre, se mouvoir tranquillement. Ils se lient ou se r\u00e9pondent comme les membres identifiables, mais n\u00e9anmoins indissociables, d\u2019un organisme vivant. Ainsi les salles d\u2019enseignement b\u00e9n\u00e9ficient d\u2019une lumi\u00e8re g\u00e9n\u00e9reuse mais sont prot\u00e9g\u00e9es de l\u2019ensoleillement, la cour est abrit\u00e9e des vents dominants et des nuisances sonores des voies ferr\u00e9es qui bordent le terrain.<br \/>\nInstitution importante dans le quartier le Lyc\u00e9e d\u00e9fini son cadre.<\/p>\n<hr \/>\n<div class=\"pixcode  pixcode--grid  grid  \">\n\n<div class=\"grid__item lap-six-twelfths\">\n\n<p class=\"small\"><strong>Ma\u00eetre d&rsquo;ouvrage :<br \/>\n<\/strong>R\u00e9gion Ile de France<br \/>\nMandataire du Ma\u00eetre d&rsquo;Ouvrage : SEMAEST<\/p>\n<p class=\"small\">Construction neuve, Livraison : 2011.<br \/>\nMission de base Loi MOP + EXE, OPC.<br \/>\nSHON : 13 063 m\u00b2, Surface Utile : 7 958 m\u00b2<br \/>\nMontant des travaux : 25 880 000 \u20ac HT<\/p>\n<p class=\"small\">\n<\/div>\n\n<p class=\"small\"><div class=\"grid__item lap-six-twelfths\">\n\n<p class=\"small\"><strong>Ma\u00eetrise d&rsquo;\u0153uvre :<\/strong><br \/>\nArchitectes : Ricardo Porro &amp; Renaud de La Noue<br \/>\nBET structure et fluides, \u00e9conomiste : BETOM<br \/>\nSp\u00e9cialiste HQE : Cap Terre<br \/>\nMandataire de la ma\u00eetrise d&rsquo;oeuvre : R. de La Noue<\/p>\n<p class=\"small\">\n<\/div>\n\n\n<\/div>\n\n","protected":false},"excerpt":{"rendered":"<p>&nbsp; Description Imagin\u00e9 \u00e0 l\u2019image de la jeunesse c\u2019est un b\u00e2timent dynamique, fluide et vivant, v\u00e9ritablement organique. Franck Loyd Wright consid\u00e9rait qu&rsquo;une architecture na\u00eet de la rencontre des n\u00e9cessit\u00e9s des gens avec l&rsquo;esprit du lieu, \u00e0 la mani\u00e8re d&rsquo;un organisme vivant. Ainsi ce lyc\u00e9e se d\u00e9veloppe avec la plus grande libert\u00e9 et une totale fra\u00eecheur..<\/p>\n","protected":false},"author":1,"featured_media":0,"parent":0,"menu_order":0,"comment_status":"closed","ping_status":"closed","template":"","meta":[],"_links":{"self":[{"href":"https:\/\/delanouearchi.fr\/index.php\/wp-json\/wp\/v2\/pages\/682"}],"collection":[{"href":"https:\/\/delanouearchi.fr\/index.php\/wp-json\/wp\/v2\/pages"}],"about":[{"href":"https:\/\/delanouearchi.fr\/index.php\/wp-json\/wp\/v2\/types\/page"}],"author":[{"embeddable":true,"href":"https:\/\/delanouearchi.fr\/index.php\/wp-json\/wp\/v2\/users\/1"}],"replies":[{"embeddable":true,"href":"https:\/\/delanouearchi.fr\/index.php\/wp-json\/wp\/v2\/comments?post=682"}],"version-history":[{"count":4,"href":"https:\/\/delanouearchi.fr\/index.php\/wp-json\/wp\/v2\/pages\/682\/revisions"}],"predecessor-version":[{"id":2103,"href":"https:\/\/delanouearchi.fr\/index.php\/wp-json\/wp\/v2\/pages\/682\/revisions\/2103"}],"wp:attachment":[{"href":"https:\/\/delanouearchi.fr\/index.php\/wp-json\/wp\/v2\/media?parent=682"}],"curies":[{"name":"wp","href":"https:\/\/api.w.org\/{rel}","templated":true}]}}