{"id":706,"date":"2017-01-31T13:10:17","date_gmt":"2017-01-31T12:10:17","guid":{"rendered":"http:\/\/delanouearchi.fr\/?page_id=706"},"modified":"2017-02-14T17:44:27","modified_gmt":"2017-02-14T16:44:27","slug":"ermont-realisation","status":"publish","type":"page","link":"https:\/\/delanouearchi.fr\/index.php\/ermont-realisation\/","title":{"rendered":"ermont-r\u00e9alisation"},"content":{"rendered":"<p style=\"text-align: center;\"><a  class=\"pixcode  pixcode--btn  btn  kiko-bouton-on\"  ><i class=\"pixcode  pixcode--icon  icon-camera    small  \"><\/i> R\u00e9alisation<\/a>\n<a  class=\"pixcode  pixcode--btn  btn  kiko-bouton\" href=\"http:\/\/delanouearchi.fr\/index.php\/ermont-chantier\/\" ><i class=\"pixcode  pixcode--icon  icon-wrench    small  \"><\/i> Chantier<\/a>\n<a  class=\"pixcode  pixcode--btn  btn  kiko-bouton\" href=\"http:\/\/delanouearchi.fr\/index.php\/ermont-conception\/\" ><i class=\"pixcode  pixcode--icon  icon-pencil    small  \"><\/i> Conception<\/a>\n<p>&nbsp;<\/p>\n<i class=\"pixcode  pixcode--icon  icon-e-info-circled    medium  \"><\/i> <strong>Description<\/strong><br \/>\nCe groupe scolaire con\u00e7u pour donner aux enfants une image parlante et compr\u00e9hensible, r\u00e9uni une \u00e9cole maternelle, une \u00e9cole \u00e9l\u00e9mentaire, un restaurant scolaire et un centre d\u2019accueil dans une composition urbaine de placettes accueillantes et protectrices, \u00e9tag\u00e9es suivant la d\u00e9clivit\u00e9 importante du terrain. Comme toujours quelque chose de Venise transpara\u00eet.<\/p>\n<p>Ces cinq b\u00e2timents sont organis\u00e9s autour d&rsquo;une place centrale, prot\u00e9g\u00e9e et accessible. La pente est marqu\u00e9e par l&rsquo;horizontalit\u00e9 des espaces de r\u00e9cr\u00e9ation et les murs de sout\u00e8nement dont les moellons de pierre ocre reprennent la mati\u00e8re de l&rsquo;habitat pavillonnaire environnant. Les b\u00e2timents des salles de classes dynamis\u00e9s par les bow-windows de leurs fa\u00e7ades jouent avec les volumes plus ou moins ouverts des grandes salles et pr\u00e9aux. Ceux-ci, avec leurs vo\u00fbtes successives surmont\u00e9es de l\u2019ondulation de leur toiture et support\u00e9es par des poteaux inclin\u00e9s, prennent l\u2019aspect d\u2019animaux stylis\u00e9s, mille-pattes ou bovin, peut-\u00eatre de jouets. Mais aucune infantilisation n\u2019appara\u00eet, l\u2019espace est con\u00e7u pour l\u2019enfant, l\u2019image est po\u00e9tique, heureuse, accessible, ais\u00e9ment appr\u00e9hendable ; l\u2019architecture est celle d\u2019un \u00e9quipement public de notre \u00e9poque, lumineux et performant.<\/p>\n<hr \/>\n<div class=\"pixcode  pixcode--grid  grid  \">\n\n<div class=\"grid__item lap-six-twelfths\">\n\n<p class=\"small\"><strong>Ma\u00eetre d&rsquo;ouvrage :<br \/>\n<\/strong>Ville d&rsquo; Ermont<\/p>\n<p class=\"small\">R\u00e9habilitation et Construction neuve.<br \/>\nOp\u00e9ration \u201cTiroirs\u201d.<br \/>\nMai 2009<br \/>\nMission de base loi MOP<\/p>\n<p class=\"small\">SHON :7 000m\u00b2<br \/>\nMontant des Travaux : 11 482 000 \u20ac. H.T.<\/p>\n<p class=\"small\">\n<\/div>\n\n<p class=\"small\"><div class=\"grid__item lap-six-twelfths\">\n\n<p class=\"small\"><strong>Ma\u00eetrise d&rsquo;\u0153uvre :<\/strong><br \/>\nArchitectes : Ricardo Porro &amp; Renaud de la Noue<br \/>\nBET : BETCI<br \/>\nEconomiste : Tohier &amp; Associ\u00e9s<br \/>\nMandataire de la ma\u00eetrise d&rsquo;oeuvre : R. de La Noue<\/p>\n<p class=\"small\">\n<\/div>\n\n\n<\/div>\n\n","protected":false},"excerpt":{"rendered":"<p>&nbsp; Description Ce groupe scolaire con\u00e7u pour donner aux enfants une image parlante et compr\u00e9hensible, r\u00e9uni une \u00e9cole maternelle, une \u00e9cole \u00e9l\u00e9mentaire, un restaurant scolaire et un centre d\u2019accueil dans une composition urbaine de placettes accueillantes et protectrices, \u00e9tag\u00e9es suivant la d\u00e9clivit\u00e9 importante du terrain. Comme toujours quelque chose de Venise transpara\u00eet. Ces cinq b\u00e2timents..<\/p>\n","protected":false},"author":1,"featured_media":0,"parent":0,"menu_order":0,"comment_status":"closed","ping_status":"closed","template":"","meta":[],"_links":{"self":[{"href":"https:\/\/delanouearchi.fr\/index.php\/wp-json\/wp\/v2\/pages\/706"}],"collection":[{"href":"https:\/\/delanouearchi.fr\/index.php\/wp-json\/wp\/v2\/pages"}],"about":[{"href":"https:\/\/delanouearchi.fr\/index.php\/wp-json\/wp\/v2\/types\/page"}],"author":[{"embeddable":true,"href":"https:\/\/delanouearchi.fr\/index.php\/wp-json\/wp\/v2\/users\/1"}],"replies":[{"embeddable":true,"href":"https:\/\/delanouearchi.fr\/index.php\/wp-json\/wp\/v2\/comments?post=706"}],"version-history":[{"count":1,"href":"https:\/\/delanouearchi.fr\/index.php\/wp-json\/wp\/v2\/pages\/706\/revisions"}],"predecessor-version":[{"id":707,"href":"https:\/\/delanouearchi.fr\/index.php\/wp-json\/wp\/v2\/pages\/706\/revisions\/707"}],"wp:attachment":[{"href":"https:\/\/delanouearchi.fr\/index.php\/wp-json\/wp\/v2\/media?parent=706"}],"curies":[{"name":"wp","href":"https:\/\/api.w.org\/{rel}","templated":true}]}}