{"id":722,"date":"2017-01-31T13:49:59","date_gmt":"2017-01-31T12:49:59","guid":{"rendered":"http:\/\/delanouearchi.fr\/?page_id=722"},"modified":"2017-09-05T14:09:21","modified_gmt":"2017-09-05T13:09:21","slug":"lepuy-realisation","status":"publish","type":"page","link":"https:\/\/delanouearchi.fr\/index.php\/lepuy-realisation\/","title":{"rendered":"lepuy-r\u00e9alisation"},"content":{"rendered":"<p style=\"text-align: center;\"><a  class=\"pixcode  pixcode--btn  btn  kiko-bouton-on\"  ><i class=\"pixcode  pixcode--icon  icon-camera    small  \"><\/i> R\u00e9alisation<\/a>\n<a  class=\"pixcode  pixcode--btn  btn  kiko-bouton\" href=\"http:\/\/delanouearchi.fr\/index.php\/lepuy-chantier\/\" ><i class=\"pixcode  pixcode--icon  icon-wrench    small  \"><\/i> Chantier<\/a>\n<a  class=\"pixcode  pixcode--btn  btn  kiko-bouton\" href=\"http:\/\/delanouearchi.fr\/index.php\/lepuy-conception\/\" ><i class=\"pixcode  pixcode--icon  icon-pencil    small  \"><\/i> Conception<\/a>\n<p>&nbsp;<\/p>\n<i class=\"pixcode  pixcode--icon  icon-e-info-circled    medium  \"><\/i> <strong>Description<\/strong><br \/>\nDans le cadre magnifique de la vall\u00e9e du Puy en Velay, au pied de la ville f\u00e9odale, de sa cath\u00e9drale romane, l\u2019une des plus belles de France et de son superbe clo\u00eetre, cet \u00e9quipement r\u00e9uni les \u00e9coles des beaux arts, de musique et de danse, un auditorium de 320 places, et le conservatoire de la dentelle. Le respect de la tradition locale nous a men\u00e9 \u00e0 concevoir une architecture jouant avec celle du site, pas uniquement en accordant les mat\u00e9riaux avec les existants, pierre basaltique, tuiles romanes, mais en reprenant surtout l\u2019esprit du lieu. Ainsi, entre autre, nous utilisons le symbolisme num\u00e9rique, trois, symbole de Dieu, 5 celui de l\u2019homme, 7 cycle accompli\u2026 Mais nous ne vivons pas au moyen age et notre architecture est de notre temps. L\u2019une des constantes de notre \u00e9poque est la dynamique ; notre b\u00e2timent est donc dynamique, presque musicalement, rythme des fa\u00e7ades, crescendo des arcs du hall, envol des toitures des salles des danses, tourbillon des espaces int\u00e9rieurs de celles-ci, il donne une image de son \u00e9poque et de sa fonction.<\/p>\n<p>Comme toujours dans notre architecture, nous cr\u00e9ons une image de ville, riche et complexe, qui \u00e9tabli le contact humain, un urbanisme de communication. A l\u2019entr\u00e9e, int\u00e9grant l\u2019art \u00e0 l\u2019architecture, un bas relief de trois oiseaux s\u2019envolant pr\u00e9cise ce que l\u2019architecture sugg\u00e8re.<\/p>\n<p>L&rsquo;\u00e9cole des beaux arts, le conservatoire nationnal de la dentelle du Puy, lieu de travail et de pr\u00e9servation d&rsquo;un savoir faire unique, et les restaurants occupent les b\u00e2timents r\u00e9habilit\u00e9s d&rsquo;un ancien lyc\u00e9e technique du XIX\u00b0 si\u00e8cle dont les salles sobres, vastes, r\u00e9guli\u00e8res et lumineuses r\u00e9pondent parfaitement \u00e0 cet usage. Les b\u00e2timents neufs, tr\u00e8s performants tant sur la sc\u00e9nographie que sur l&rsquo;acoustique, ont \u00e9t\u00e9 con\u00e7us pour accueillir dans les conditions optimales l&rsquo;Ecole de Musique et de Danse et l&rsquo;auditorium.<\/p>\n<hr \/>\n<div class=\"pixcode  pixcode--grid  grid  \">\n\n<p class=\"small\"><div class=\"grid__item lap-four-twelfths\">\n\n<p class=\"small\"><strong>Programme\u00a0:<br \/>\n<\/strong>Ecole Nationale de Musique et de Danse:<br \/>\n&#8211; Salles de r\u00e9p\u00e9tition Orchestre, Musiques actuelles, Instruments, Choeurs.<br \/>\n&#8211; Salles de Danse classique, Moderne et Traditionelle, Vestiaires<br \/>\nEcole Municipale des Beaux Arts:<br \/>\n&#8211; Sculpture, Peinture, Dessin, Architecture.<br \/>\nConservatoire National de la Dentelle du Puy :<br \/>\nAtelier des dentelli\u00e8res, cartonth\u00e8que.<br \/>\nAuditorium :<br \/>\n&#8211; 320 places pour spectacle de musique et de danse.<\/p>\n<p class=\"small\">\n<\/div>\n\n<div class=\"grid__item lap-four-twelfths\">\n\n<p class=\"small\"><strong>Ma\u00eetre d&rsquo;ouvrage :<br \/>\n<\/strong>Communaut\u00e9 d&rsquo;agglom\u00e9ration du Puy-en-Velay<\/p>\n<p class=\"small\">SHON totale : 5 106 m2<br \/>\nMontant des travaux : 8 864 223 \u20ac H.T.<\/p>\n<p class=\"small\">R\u00e9habilitation et Construction neuve, 2008<br \/>\nMission de base loi MOP<\/p>\n<p class=\"small\">\n<\/div>\n\n<p class=\"small\"><div class=\"grid__item lap-four-twelfths\">\n\n<p class=\"small\"><strong>Ma\u00eetrise d&rsquo;\u0153uvre :<\/strong><br \/>\nArchitectes : Ricardo Porro &amp; Renaud de la Noue<br \/>\nex\u00e9cution avec Patrick Fabre architecte<br \/>\nBET stucture et fluides : BETCI<br \/>\nEconomie de la construction : Tohier &amp; Associ\u00e9s<br \/>\nAcousticien : A.C.V, Sc\u00e9nographie : ACORA<br \/>\nMandataire de la Ma\u00eetrise d&rsquo;oeuvre : R. de la Noue<\/p>\n<p class=\"small\">\n<\/div>\n\n\n<\/div>\n\n","protected":false},"excerpt":{"rendered":"<p>&nbsp; Description Dans le cadre magnifique de la vall\u00e9e du Puy en Velay, au pied de la ville f\u00e9odale, de sa cath\u00e9drale romane, l\u2019une des plus belles de France et de son superbe clo\u00eetre, cet \u00e9quipement r\u00e9uni les \u00e9coles des beaux arts, de musique et de danse, un auditorium de 320 places, et le conservatoire..<\/p>\n","protected":false},"author":1,"featured_media":0,"parent":0,"menu_order":0,"comment_status":"closed","ping_status":"closed","template":"","meta":[],"_links":{"self":[{"href":"https:\/\/delanouearchi.fr\/index.php\/wp-json\/wp\/v2\/pages\/722"}],"collection":[{"href":"https:\/\/delanouearchi.fr\/index.php\/wp-json\/wp\/v2\/pages"}],"about":[{"href":"https:\/\/delanouearchi.fr\/index.php\/wp-json\/wp\/v2\/types\/page"}],"author":[{"embeddable":true,"href":"https:\/\/delanouearchi.fr\/index.php\/wp-json\/wp\/v2\/users\/1"}],"replies":[{"embeddable":true,"href":"https:\/\/delanouearchi.fr\/index.php\/wp-json\/wp\/v2\/comments?post=722"}],"version-history":[{"count":1,"href":"https:\/\/delanouearchi.fr\/index.php\/wp-json\/wp\/v2\/pages\/722\/revisions"}],"predecessor-version":[{"id":723,"href":"https:\/\/delanouearchi.fr\/index.php\/wp-json\/wp\/v2\/pages\/722\/revisions\/723"}],"wp:attachment":[{"href":"https:\/\/delanouearchi.fr\/index.php\/wp-json\/wp\/v2\/media?parent=722"}],"curies":[{"name":"wp","href":"https:\/\/api.w.org\/{rel}","templated":true}]}}