{"id":787,"date":"2017-01-31T14:02:21","date_gmt":"2017-01-31T13:02:21","guid":{"rendered":"http:\/\/delanouearchi.fr\/?page_id=787"},"modified":"2017-03-20T11:10:30","modified_gmt":"2017-03-20T10:10:30","slug":"plaisir-conception","status":"publish","type":"page","link":"https:\/\/delanouearchi.fr\/index.php\/plaisir-conception\/","title":{"rendered":"plaisir-conception"},"content":{"rendered":"<p style=\"text-align: center;\"><a  class=\"pixcode  pixcode--btn  btn  kiko-bouton\" href=\"http:\/\/delanouearchi.fr\/index.php\/plaisir-realisation\/\" ><i class=\"pixcode  pixcode--icon  icon-camera    small  \"><\/i> R\u00e9alisation<\/a>\n<a  class=\"pixcode  pixcode--btn  btn  kiko-bouton\" href=\"http:\/\/delanouearchi.fr\/index.php\/plaisir-chantier\/\" ><i class=\"pixcode  pixcode--icon  icon-wrench    small  \"><\/i> Chantier<\/a>\n<a  class=\"pixcode  pixcode--btn  btn  kiko-bouton-on\"  ><i class=\"pixcode  pixcode--icon  icon-pencil    small  \"><\/i> Conception<\/a>\n<p>&nbsp;<\/p>\n<i class=\"pixcode  pixcode--icon  icon-e-info-circled    medium  \"><\/i> <strong>Description<\/strong><br \/>\nCommissariat de Plaisir. Le nom nous a plu. La caract\u00e9risation d\u2019un b\u00e2timent par son architecture est importante. Surtout pour un \u00e9quipement collectif symbolique et repr\u00e9sentatif de pouvoir. Le commissariat se pr\u00e9sente par une longue fa\u00e7ade au sud sur la rue. Elle s\u2019appuie sur une base inclin\u00e9e et stable de dalles de Quarzite miroitantes, clin d\u2019\u0153il \u00e0 l\u2019architecture militaire de Vauban. Sa dynamique horizontale tr\u00e8s puissante, marqu\u00e9e par le faisceau des poutres de b\u00e9ton saillantes, les lames de pierre argent\u00e9e des brises soleil, et le rythme acc\u00e9l\u00e9r\u00e9 des menuiseries m\u00e9talliques sombres. En son centre elle semble bris\u00e9e. Comme jaillissant d\u2019une faille ou d\u2019une fracture, une explosion de prismes ac\u00e9r\u00e9s et de traits vigoureux marque l\u2019entr\u00e9e publique : les toitures noires \u00e9clat\u00e9es qui couvrent le hall, et les poteaux et poutres d\u2019acier, rayonnants et \u00e9lanc\u00e9s, qui les \u00e9l\u00e8vent. Devant deux auvents semblent instables mais restent en \u00e9quilibre. Dans un monde actif, violent, cette balance trouve son juste milieu, appelle la retenue et la justice.<\/p>\n<p>La fa\u00e7ade nord, sur les cours de service, d\u00e9pourvue de pare-soleil, est plus \u00e9tag\u00e9e. Les acc\u00e8s, tous r\u00e9serv\u00e9s aux personnels y sont marqu\u00e9s par les porte-\u00e0-faux des auvents qui les prot\u00e8gent.<\/p>\n<p>Le b\u00e2timent est organis\u00e9 selon ses deux orientations : le public, par l\u2019entr\u00e9e sud, le hall et l\u2019escalier central, acc\u00e8de librement, ou est conduit, \u00e0 sa destination ; bureaux d\u2019accueil ou services d\u2019enqu\u00eates. Les personnels, les retenus ou les gard\u00e9s \u00e0 vu circulent ind\u00e9pendamment depuis les cours nord, par les halls secondaires et les escaliers lat\u00e9raux. Au centre, \u00e0 l\u2019interface de ces deux syst\u00e8mes, se trouve le chef de poste.<\/p>\n<p>Ce commissariat de Police construit pour le SGAP de Versailles et le Minist\u00e8re de l\u2019int\u00e9rieur est un b\u00e2timent tr\u00e8s complexe et tr\u00e8s technique mais surtout c\u2019est un lieu ou des imp\u00e9ratifs de s\u00e9curit\u00e9, explicites et parfois caricaturaux, se heurtent souvent \u00e0 nos principes humanistes par nature implicites. Une analyse fra\u00eeche et libre, de ces id\u00e9es pr\u00e9con\u00e7ues permet, souvent, de privil\u00e9gier l\u2019homme.<\/p>\n<p>Le commissariat comprend les bureaux des diff\u00e9rents p\u00f4les, une salle de sports, de vastes vestiaires, et des locaux de s\u00fbret\u00e9.<\/p>\n<hr \/>\n<div class=\"pixcode  pixcode--grid  grid  \">\n\n<p class=\"small\"><div class=\"grid__item lap-four-twelfths\">\n\n<p class=\"small\"><strong>Programme\u00a0:<br \/>\n<\/strong>Commissariat de Police<br \/>\nSalle de sport<br \/>\nCentre de r\u00e9tention administrative.<\/p>\n<p class=\"small\">\n<\/div>\n\n<div class=\"grid__item lap-four-twelfths\">\n\n<p class=\"small\"><strong>Ma\u00eetre d&rsquo;ouvrage :<br \/>\n<\/strong>Minist\u00e8re de l&rsquo;Int\u00e9rieur<br \/>\nMandataire de la Ma\u00eetrise d&rsquo;Ouvrage :<br \/>\nSGAP de Versailles<\/p>\n<p class=\"small\">Construction neuve, 2006<br \/>\nMission de base loi MOP<br \/>\nSHON : 2 630 m\u00b2<br \/>\nMontant des travaux : 7 599 782 \u20ac H.T.<\/p>\n<p class=\"small\">\n<\/div>\n\n<p class=\"small\"><div class=\"grid__item lap-four-twelfths\">\n\n<p class=\"small\"><strong>Ma\u00eetrise d&rsquo;\u0153uvre :<\/strong><br \/>\nArchitectes : Ricardo Porro &amp; Renaud de La Noue<br \/>\nBET Tous Corps d&rsquo;Etat : BETCI<br \/>\nEconomiste : Tohier &amp; Associ\u00e9s<br \/>\nMandataire Ma\u00eetrise d&rsquo;Oeuvre : R. de La Noue<\/p>\n<p class=\"small\">\n<\/div>\n\n\n<\/div>\n\n","protected":false},"excerpt":{"rendered":"<p>&nbsp; Description Commissariat de Plaisir. Le nom nous a plu. La caract\u00e9risation d\u2019un b\u00e2timent par son architecture est importante. Surtout pour un \u00e9quipement collectif symbolique et repr\u00e9sentatif de pouvoir. Le commissariat se pr\u00e9sente par une longue fa\u00e7ade au sud sur la rue. Elle s\u2019appuie sur une base inclin\u00e9e et stable de dalles de Quarzite miroitantes,..<\/p>\n","protected":false},"author":1,"featured_media":0,"parent":0,"menu_order":0,"comment_status":"closed","ping_status":"closed","template":"","meta":[],"_links":{"self":[{"href":"https:\/\/delanouearchi.fr\/index.php\/wp-json\/wp\/v2\/pages\/787"}],"collection":[{"href":"https:\/\/delanouearchi.fr\/index.php\/wp-json\/wp\/v2\/pages"}],"about":[{"href":"https:\/\/delanouearchi.fr\/index.php\/wp-json\/wp\/v2\/types\/page"}],"author":[{"embeddable":true,"href":"https:\/\/delanouearchi.fr\/index.php\/wp-json\/wp\/v2\/users\/1"}],"replies":[{"embeddable":true,"href":"https:\/\/delanouearchi.fr\/index.php\/wp-json\/wp\/v2\/comments?post=787"}],"version-history":[{"count":1,"href":"https:\/\/delanouearchi.fr\/index.php\/wp-json\/wp\/v2\/pages\/787\/revisions"}],"predecessor-version":[{"id":788,"href":"https:\/\/delanouearchi.fr\/index.php\/wp-json\/wp\/v2\/pages\/787\/revisions\/788"}],"wp:attachment":[{"href":"https:\/\/delanouearchi.fr\/index.php\/wp-json\/wp\/v2\/media?parent=787"}],"curies":[{"name":"wp","href":"https:\/\/api.w.org\/{rel}","templated":true}]}}