{"id":838,"date":"2017-01-31T14:36:59","date_gmt":"2017-01-31T13:36:59","guid":{"rendered":"http:\/\/delanouearchi.fr\/?page_id=838"},"modified":"2017-02-01T16:27:08","modified_gmt":"2017-02-01T15:27:08","slug":"isd-realisation","status":"publish","type":"page","link":"https:\/\/delanouearchi.fr\/index.php\/isd-realisation\/","title":{"rendered":"isd-r\u00e9alisation"},"content":{"rendered":"<p style=\"text-align: center;\"><a  class=\"pixcode  pixcode--btn  btn  kiko-bouton-on\"  ><i class=\"pixcode  pixcode--icon  icon-camera    small  \"><\/i> R\u00e9alisation<\/a>\n<a  class=\"pixcode  pixcode--btn  btn  kiko-bouton\" href=\"http:\/\/delanouearchi.fr\/index.php\/isd-chantier\/\" ><i class=\"pixcode  pixcode--icon  icon-wrench    small  \"><\/i> Chantier<\/a>\n<a  class=\"pixcode  pixcode--btn  btn  kiko-bouton\" href=\"http:\/\/delanouearchi.fr\/index.php\/isd-conception\/\" ><i class=\"pixcode  pixcode--icon  icon-pencil    small  \"><\/i> Conception<\/a>\n<p>&nbsp;<\/p>\n<i class=\"pixcode  pixcode--icon  icon-e-info-circled    medium  \"><\/i> <strong>Description<\/strong><br \/>\nUne \u00e9cole existait, un b\u00e2timent \u00e0 simple \u00e9tage du d\u00e9but du XX\u00b0 si\u00e8cle plac\u00e9 sur le quai de la Seine. Diverses constructions l\u00e9g\u00e8res y furent ajout\u00e9es, elles ont laiss\u00e9 place \u00e0 ce projet d\u2019extension r\u00e9alis\u00e9 en milieu occup\u00e9, en plusieurs phases selon une d\u00e9marche HQE.<\/p>\n<p>Les nouveaux b\u00e2timents se d\u00e9veloppent de part et d\u2019autre d\u2019un mail parall\u00e8le au quai, ouvrant le c\u0153ur d\u2019\u00eelot sur la place du march\u00e9, voisine. A l\u2019Ouest se situe le restaurant scolaire, \u00e0 l\u2019Est l\u2019\u00e9cole primaire.<\/p>\n<p>Le b\u00e2timent d\u2019origine de l\u2019\u00e9cole fut conserv\u00e9 en totalit\u00e9. La nouvelle aile de l\u2019\u00e9cole se d\u00e9veloppe perpendiculairement sur deux niveaux, sobre et lin\u00e9aire le b\u00e2timent s\u2019anime en s\u2019\u00e9loignant du quai. A l\u2019angle du mail, le volume de la biblioth\u00e8que, marque l\u2019entr\u00e9e de ce petit monde.<\/p>\n<p>Le restaurant scolaire est compos\u00e9 de plusieurs volumes formant un tourbillon. Ses salles offrent des espaces \u00e0 la foi spacieux et intime. Les entr\u00e9es particuli\u00e8res de chacune d\u2019elles permettent une modularit\u00e9 demand\u00e9e.<\/p>\n<p>Nous avons con\u00e7u un ensemble organique dont chaque \u00e9l\u00e9ment est unique et indissociable, cr\u00e9\u00e9 des espaces fluides et ouverts, assoupli les murs et dynamis\u00e9 les volumes, travaill\u00e9 les transparences, cr\u00e9\u00e9 des progressions et des cheminements pour que, sans rupture, un enfant soit conduit du plus ouvert au plus prot\u00e9g\u00e9.<\/p>\n<p>En jouant sur les couleurs, les mat\u00e9riaux et les volumes nous avons voulu un ensemble ludique, chaleureux et digne. Nous avons aussi voulu apporter une certaine po\u00e9sie, dans le paysage dure de cette une petite ville.<\/p>\n<hr \/>\n<div class=\"pixcode  pixcode--grid  grid  \">\n\n<p class=\"small\"><div class=\"grid__item lap-four-twelfths\">\n\n<p class=\"small\"><strong>Programme\u00a0:<br \/>\n<\/strong>Extension de l\u2019\u00e9cole \u00e9l\u00e9mentaire<\/p>\n<p class=\"small\">Accueil, 6 classes, salle polyvalente, centre de loisirs, biblioth\u00e8que Pr\u00e9au et cour, Restaurant scolaire maternel et primaire<\/p>\n<p class=\"small\">R\u00e9am\u00e9nagement urbain<br \/>\nB\u00e2timent H.Q.E.<\/p>\n<p class=\"small\">\n<\/div>\n\n<div class=\"grid__item lap-four-twelfths\">\n\n<p class=\"small\"><strong>Ma\u00eetre d&rsquo;ouvrage :<br \/>\n<\/strong>Ville de l&rsquo;Ile-Saint-Denis (93)<\/p>\n<p class=\"small\">SHON : 1 500 m\u00b2<br \/>\nMontant des travaux : 3 090 00 \u20ac H.T.<\/p>\n<p class=\"small\">Neuf et r\u00e9habilitation , 2005<br \/>\nTravaux en site occup\u00e9<\/p>\n<p class=\"small\">\n<\/div>\n\n<p class=\"small\"><div class=\"grid__item lap-four-twelfths\">\n\n<p class=\"small\"><strong>Ma\u00eetrise d&rsquo;\u0153uvre :<\/strong><br \/>\nArchitectes : Ricardo Porro &amp; Renaud de La Noue<br \/>\nBET&amp; \u00e9conomiste : BETCI<br \/>\nEntreprise G\u00e9n\u00e9rale : BATEG<br \/>\nMandataire de la Ma\u00eetrise d&rsquo;Oeuvre : R. de La Noue<\/p>\n<p class=\"small\">\n<\/div>\n\n\n<\/div>\n\n","protected":false},"excerpt":{"rendered":"<p>&nbsp; Description Une \u00e9cole existait, un b\u00e2timent \u00e0 simple \u00e9tage du d\u00e9but du XX\u00b0 si\u00e8cle plac\u00e9 sur le quai de la Seine. Diverses constructions l\u00e9g\u00e8res y furent ajout\u00e9es, elles ont laiss\u00e9 place \u00e0 ce projet d\u2019extension r\u00e9alis\u00e9 en milieu occup\u00e9, en plusieurs phases selon une d\u00e9marche HQE. Les nouveaux b\u00e2timents se d\u00e9veloppent de part et..<\/p>\n","protected":false},"author":1,"featured_media":0,"parent":0,"menu_order":0,"comment_status":"closed","ping_status":"closed","template":"","meta":[],"_links":{"self":[{"href":"https:\/\/delanouearchi.fr\/index.php\/wp-json\/wp\/v2\/pages\/838"}],"collection":[{"href":"https:\/\/delanouearchi.fr\/index.php\/wp-json\/wp\/v2\/pages"}],"about":[{"href":"https:\/\/delanouearchi.fr\/index.php\/wp-json\/wp\/v2\/types\/page"}],"author":[{"embeddable":true,"href":"https:\/\/delanouearchi.fr\/index.php\/wp-json\/wp\/v2\/users\/1"}],"replies":[{"embeddable":true,"href":"https:\/\/delanouearchi.fr\/index.php\/wp-json\/wp\/v2\/comments?post=838"}],"version-history":[{"count":1,"href":"https:\/\/delanouearchi.fr\/index.php\/wp-json\/wp\/v2\/pages\/838\/revisions"}],"predecessor-version":[{"id":839,"href":"https:\/\/delanouearchi.fr\/index.php\/wp-json\/wp\/v2\/pages\/838\/revisions\/839"}],"wp:attachment":[{"href":"https:\/\/delanouearchi.fr\/index.php\/wp-json\/wp\/v2\/media?parent=838"}],"curies":[{"name":"wp","href":"https:\/\/api.w.org\/{rel}","templated":true}]}}