{"id":888,"date":"2017-01-31T14:55:53","date_gmt":"2017-01-31T13:55:53","guid":{"rendered":"http:\/\/delanouearchi.fr\/?page_id=888"},"modified":"2017-02-27T17:59:50","modified_gmt":"2017-02-27T16:59:50","slug":"cergyo-realisation","status":"publish","type":"page","link":"https:\/\/delanouearchi.fr\/index.php\/cergyo-realisation\/","title":{"rendered":"cergyo-r\u00e9alisation"},"content":{"rendered":"<p style=\"text-align: center;\"><a  class=\"pixcode  pixcode--btn  btn  kiko-bouton-on\"  ><i class=\"pixcode  pixcode--icon  icon-camera    small  \"><\/i> Photos<\/a>\n<a  class=\"pixcode  pixcode--btn  btn  kiko-bouton\" href=\"http:\/\/delanouearchi.fr\/index.php\/cergyo-chantier\/\" ><i class=\"pixcode  pixcode--icon  icon-wrench    small  \"><\/i> Chantier<\/a>\n<a  class=\"pixcode  pixcode--btn  btn  kiko-bouton\" href=\"http:\/\/delanouearchi.fr\/index.php\/cergyo-conception\/\" ><i class=\"pixcode  pixcode--icon  icon-pencil    small  \"><\/i> Dessins<\/a>\n<p>&nbsp;<\/p>\n<i class=\"pixcode  pixcode--icon  icon-e-info-circled    medium  \"><\/i> <strong>Description<\/strong><br \/>\nRespectant les indications tr\u00e8s pr\u00e9cises du Plan d\u2019Occupation des Sols de 1996, post-moderne, qui devait faire de ce quartier un exemple d\u2019urbanisme n\u00e9o-Haussmanien &#8211; alignement, gabarit, hauteur des corniches, toiture m\u00e9tallique cintr\u00e9e, teinte des fa\u00e7ades etc&#8230;-, ce coll\u00e8ge, pr\u00e9vu pour recevoir de 700 \u00e0 900 \u00e9l\u00e8ves, impose son statut d\u2019\u00e9quipement public par la vigueur et la puissance de son architecture.<\/p>\n<p>Dans le cadre \u00ab N\u00e9o-Haussmanien \u00bb, le coll\u00e8ge joue avec le vocabulaire de l\u2019architecture urbaine parisienne. Sa modernit\u00e9 s\u2019exprime \u00e0 travers la rigueur de ses formes et le choix des mat\u00e9riaux utilis\u00e9s : \u00e9tagement des fa\u00e7ades inclin\u00e9es en b\u00e9ton pr\u00e9fabriqu\u00e9 ton pierre, profusion d\u2019\u00e9l\u00e9ments verticaux en b\u00e9ton brut, menuiseries et charpentes m\u00e9talliques, toiture en acier inoxydable. A l\u2019int\u00e9rieur, les fa\u00e7ades sur cour sont adoucies par les ondulations des toitures.<\/p>\n<p>Le hall d\u2019entr\u00e9e, clair et spacieux, qui articule et irrigue les principaux lieux du coll\u00e8ge, est \u00e0 l\u2019image de ces deux sp\u00e9cificit\u00e9s. En son centre, une colonne de b\u00e9ton s\u2019\u00e9panouit en hautes branches d\u2019acier noir. De part et d\u2019autre, deux escaliers s\u2019enroulent et s\u2019\u00e9l\u00e8vent. C\u00f4t\u00e9 cour, formant pr\u00e9au, une futaie de poteaux inclin\u00e9s supporte une structure m\u00e9tallique arborescente. Ainsi, l\u2019espace devient une for\u00eat, hommage \u00e0 Labrouste et \u00e0 toutes les architectures qui ont figur\u00e9 la nature. Les vitraux ajoutent \u00e0 cette atmosph\u00e8re la ga\u00eet\u00e9 d\u2019une lumi\u00e8re aux teintes innombrables.<\/p>\n<hr \/>\n<div class=\"pixcode  pixcode--grid  grid  \">\n\n<p class=\"small\"><div class=\"grid__item lap-four-twelfths\">\n\n<p class=\"small\"><strong>Programme\u00a0:<br \/>\n<\/strong>Coll\u00e8ge 700-900 \u00e9l\u00e8ves<\/p>\n<p class=\"small\">\n<\/div>\n\n<div class=\"grid__item lap-four-twelfths\">\n\n<p class=\"small\"><strong>Ma\u00eetre d&rsquo;ouvrage :<br \/>\n<\/strong>Conseil g\u00e9n\u00e9ral du Val d\u2019Oise.<br \/>\nMandataire du Ma\u00eetre d\u2019Ouvrage : E.P.A. de Cergy Pontoise<\/p>\n<p class=\"small\">Concours : Janvier 1996<br \/>\nR\u00e9alisation :1998<br \/>\nMission : Base loi MOP.<br \/>\nSurface utile : 4700 m\u00b2<br \/>\nSurface HON : 6652 m\u00b2<br \/>\nMontant des travaux : 6 711 275 \u20ac HT<\/p>\n<p class=\"small\">\n<\/div>\n\n<p class=\"small\"><div class=\"grid__item lap-four-twelfths\">\n\n<p class=\"small\"><strong>Ma\u00eetrise d&rsquo;\u0153uvre :<br \/>\n<\/strong>Ricardo Porro &amp; Renaud de La Noue, architectes d.p.l.g.<br \/>\nMandataire de la ma\u00eetrise d\u2019\u0153uvre : Renaud de La Noue.<\/p>\n<p class=\"small\">GET Ing\u00e9nierie, B.E.T. structure et fluides.<br \/>\nTohier S.A., Economie de la Construction.<\/p>\n<p class=\"small\">Entreprise G\u00e9n\u00e9rale : HERVE S.A.<\/p>\n<p class=\"small\">\n<\/div>\n\n\n<\/div>\n\n","protected":false},"excerpt":{"rendered":"<p>&nbsp; Description Respectant les indications tr\u00e8s pr\u00e9cises du Plan d\u2019Occupation des Sols de 1996, post-moderne, qui devait faire de ce quartier un exemple d\u2019urbanisme n\u00e9o-Haussmanien &#8211; alignement, gabarit, hauteur des corniches, toiture m\u00e9tallique cintr\u00e9e, teinte des fa\u00e7ades etc&#8230;-, ce coll\u00e8ge, pr\u00e9vu pour recevoir de 700 \u00e0 900 \u00e9l\u00e8ves, impose son statut d\u2019\u00e9quipement public par la..<\/p>\n","protected":false},"author":1,"featured_media":0,"parent":0,"menu_order":0,"comment_status":"closed","ping_status":"closed","template":"","meta":[],"_links":{"self":[{"href":"https:\/\/delanouearchi.fr\/index.php\/wp-json\/wp\/v2\/pages\/888"}],"collection":[{"href":"https:\/\/delanouearchi.fr\/index.php\/wp-json\/wp\/v2\/pages"}],"about":[{"href":"https:\/\/delanouearchi.fr\/index.php\/wp-json\/wp\/v2\/types\/page"}],"author":[{"embeddable":true,"href":"https:\/\/delanouearchi.fr\/index.php\/wp-json\/wp\/v2\/users\/1"}],"replies":[{"embeddable":true,"href":"https:\/\/delanouearchi.fr\/index.php\/wp-json\/wp\/v2\/comments?post=888"}],"version-history":[{"count":2,"href":"https:\/\/delanouearchi.fr\/index.php\/wp-json\/wp\/v2\/pages\/888\/revisions"}],"predecessor-version":[{"id":1462,"href":"https:\/\/delanouearchi.fr\/index.php\/wp-json\/wp\/v2\/pages\/888\/revisions\/1462"}],"wp:attachment":[{"href":"https:\/\/delanouearchi.fr\/index.php\/wp-json\/wp\/v2\/media?parent=888"}],"curies":[{"name":"wp","href":"https:\/\/api.w.org\/{rel}","templated":true}]}}