{"id":898,"date":"2017-01-31T15:13:29","date_gmt":"2017-01-31T14:13:29","guid":{"rendered":"http:\/\/delanouearchi.fr\/?page_id=898"},"modified":"2017-01-31T18:15:57","modified_gmt":"2017-01-31T17:15:57","slug":"cergyru-conception","status":"publish","type":"page","link":"https:\/\/delanouearchi.fr\/index.php\/cergyru-conception\/","title":{"rendered":"cergyru-conception"},"content":{"rendered":"<p style=\"text-align: center;\"><a  class=\"pixcode  pixcode--btn  btn  kiko-bouton\" href=\"http:\/\/delanouearchi.fr\/index.php\/cergyru-realisation\/\" ><i class=\"pixcode  pixcode--icon  icon-camera    small  \"><\/i> R\u00e9alisation<\/a>\n<a  class=\"pixcode  pixcode--btn  btn  kiko-bouton-on\"  ><i class=\"pixcode  pixcode--icon  icon-pencil    small  \"><\/i> Conception<\/a>\n<p>&nbsp;<\/p>\n<i class=\"pixcode  pixcode--icon  icon-e-info-circled    medium  \"><\/i> <strong>Description<\/strong><br \/>\nCette r\u00e9sidence universitaire de 119 chambres et 170 lits, est compos\u00e9e de deux b\u00e2timents qui occupent en totalit\u00e9 le terrain constructible ; le premier surplombe et semble basculer sur le boulevard qui la borde, \u00e0 l\u2019oppos\u00e9, le second sur une base pyramidale parait s\u2019\u00e9lever vers le ciel.<\/p>\n<p>Elle est organis\u00e9e comme une petite cit\u00e9 avec ses rues et ses placettes, lieux de passage ou lieux de rencontres, qui conduisent \u00e0 l\u2019espace central, un atrium triangulaire, son v\u00e9ritable c\u0153ur, sur lequel s\u2019ouvrent les coursives des niveaux sup\u00e9rieurs.<\/p>\n<p>La vari\u00e9t\u00e9 de ses volumes permet une tr\u00e8s grande diversit\u00e9 des chambres et une richesse \u00e9tonnante des espaces de circulation, tr\u00e8s \u00e9loign\u00e9e de la monotonie carc\u00e9rale que peut entra\u00eener la r\u00e9p\u00e9tition de cellules identiques.<\/p>\n<hr \/>\n<div class=\"pixcode  pixcode--grid  grid  \">\n\n<p class=\"small\"><div class=\"grid__item lap-four-twelfths\">\n\n<p class=\"small\"><strong>Programme\u00a0:<br \/>\n<\/strong>R\u00e9sidence Universitaire de 119 chambres simples, doubles ou group\u00e9es pour un total de 170 lits<\/p>\n<p class=\"small\">\n<\/div>\n\n<div class=\"grid__item lap-four-twelfths\">\n\n<p class=\"small\"><strong>Ma\u00eetre d&rsquo;ouvrage :<br \/>\n<\/strong>O.D.H.L.M. du Val d&rsquo;Oise (95)<br \/>\nConstruction neuve. 1996<\/p>\n<p class=\"small\">Surface Utile : 3 534 m\u00b2<br \/>\nMontant des travaux : 3 405 000 \u20ac H.T<\/p>\n<p class=\"small\">\n<\/div>\n\n<p class=\"small\"><div class=\"grid__item lap-four-twelfths\">\n\n<p class=\"small\"><strong>Ma\u00eetrise d&rsquo;\u0153uvre :<br \/>\n<\/strong>Architectes : Ricardo Porro &amp; Renaud de La Noue<br \/>\nBet : GET Ing\u00e9nierie<br \/>\nEconomie de la construction : Tohier &amp; Associ\u00e9s<br \/>\nMandataire de la Ma\u00eetrise d&rsquo;oeuvre : R. de La Noue<\/p>\n<p class=\"small\">\n<\/div>\n\n\n<\/div>\n\n","protected":false},"excerpt":{"rendered":"<p>&nbsp; Description Cette r\u00e9sidence universitaire de 119 chambres et 170 lits, est compos\u00e9e de deux b\u00e2timents qui occupent en totalit\u00e9 le terrain constructible ; le premier surplombe et semble basculer sur le boulevard qui la borde, \u00e0 l\u2019oppos\u00e9, le second sur une base pyramidale parait s\u2019\u00e9lever vers le ciel. Elle est organis\u00e9e comme une petite..<\/p>\n","protected":false},"author":1,"featured_media":0,"parent":0,"menu_order":0,"comment_status":"closed","ping_status":"closed","template":"","meta":[],"_links":{"self":[{"href":"https:\/\/delanouearchi.fr\/index.php\/wp-json\/wp\/v2\/pages\/898"}],"collection":[{"href":"https:\/\/delanouearchi.fr\/index.php\/wp-json\/wp\/v2\/pages"}],"about":[{"href":"https:\/\/delanouearchi.fr\/index.php\/wp-json\/wp\/v2\/types\/page"}],"author":[{"embeddable":true,"href":"https:\/\/delanouearchi.fr\/index.php\/wp-json\/wp\/v2\/users\/1"}],"replies":[{"embeddable":true,"href":"https:\/\/delanouearchi.fr\/index.php\/wp-json\/wp\/v2\/comments?post=898"}],"version-history":[{"count":1,"href":"https:\/\/delanouearchi.fr\/index.php\/wp-json\/wp\/v2\/pages\/898\/revisions"}],"predecessor-version":[{"id":899,"href":"https:\/\/delanouearchi.fr\/index.php\/wp-json\/wp\/v2\/pages\/898\/revisions\/899"}],"wp:attachment":[{"href":"https:\/\/delanouearchi.fr\/index.php\/wp-json\/wp\/v2\/media?parent=898"}],"curies":[{"name":"wp","href":"https:\/\/api.w.org\/{rel}","templated":true}]}}