{"id":910,"date":"2017-01-31T15:22:46","date_gmt":"2017-01-31T14:22:46","guid":{"rendered":"http:\/\/delanouearchi.fr\/?page_id=910"},"modified":"2017-03-03T16:47:34","modified_gmt":"2017-03-03T15:47:34","slug":"fabien-conception","status":"publish","type":"page","link":"https:\/\/delanouearchi.fr\/index.php\/fabien-conception\/","title":{"rendered":"fabien-conception"},"content":{"rendered":"<p style=\"text-align: center;\"><a  class=\"pixcode  pixcode--btn  btn  kiko-bouton\" href=\"http:\/\/delanouearchi.fr\/index.php\/fabien-realisation\/\" ><i class=\"pixcode  pixcode--icon  icon-camera    small  \"><\/i> R\u00e9alisation<\/a>\n<a  class=\"pixcode  pixcode--btn  btn  kiko-bouton\" href=\"http:\/\/delanouearchi.fr\/index.php\/fabien-chantier\/\" ><i class=\"pixcode  pixcode--icon  icon-wrench    small  \"><\/i> Chantier<\/a>\n<a  class=\"pixcode  pixcode--btn  btn  kiko-bouton-on\"  ><i class=\"pixcode  pixcode--icon  icon-pencil    small  \"><\/i> Conception<\/a>\n<p>&nbsp;<\/p>\n<i class=\"pixcode  pixcode--icon  icon-e-info-circled    medium  \"><\/i> <strong>Description<\/strong><br \/>\nCe coll\u00e8ge con\u00e7u pour 700 \u00e9l\u00e8ves, est organis\u00e9 en deux corps de b\u00e2timent qui ondulent et semblent se mouvoir pour s\u2019enrouler autour d\u2019une placette d\u2019entr\u00e9e circulaire.<\/p>\n<p>Les grandes salles, biblioth\u00e8que, salle polyvalente, salle de sport et salle \u00e0 manger, forment des volumes ind\u00e9pendants qui accompagnent ce mouvement. Chaleureux et accueillant, \u00e9clair\u00e9 par des vitrages color\u00e9s, le hall d\u2019entr\u00e9e est investi par l\u2019envol d\u2019un large escalier circulaire.<\/p>\n<p>Sur la ville, ce coll\u00e8ge ouvre un large parvis qui lui donne son statut d\u2019\u00e9quipement de quartier, ses volumes \u00e9tag\u00e9s lient les b\u00e2timents avoisinant si disparates, ses fa\u00e7ades de briques l\u2019int\u00e8grent dans l\u2019architecture traditionnelle de cette banlieue nord de Paris.<\/p>\n<p>Les vastes espaces libres des cours et terrains de sport sont tr\u00e8s largement plant\u00e9s et agr\u00e9ment\u00e9s d\u2019un amphith\u00e9\u00e2tre.<\/p>\n<p>&nbsp;<\/p>\n<i class=\"pixcode  pixcode--icon  icon-external-link    small  \"><\/i><a href=\"http:\/\/www.atlas-patrimoine93.fr\/pg-html\/bases_doc\/inventaire\/fichecollege.php?codeia=0931213N\" target=\"_blank\">\u00a0Atlas de l&rsquo;architecture et du patrimoine de Seine-Saint-Denis<\/a><\/p>\n<hr \/>\n<div class=\"pixcode  pixcode--grid  grid  \">\n\n<p class=\"small\"><div class=\"grid__item lap-four-twelfths\">\n\n<p class=\"small\"><strong>Programme\u00a0:<br \/>\n<\/strong>Coll\u00e8ge 700 \u00e9l\u00e8ves<strong><br \/>\n<\/strong><\/p>\n<p class=\"small\">\n<\/div>\n\n<div class=\"grid__item lap-four-twelfths\">\n\n<p class=\"small\"><strong>Ma\u00eetre d&rsquo;ouvrage :<br \/>\n<\/strong>Conseil G\u00e9n\u00e9ral de Seine-Saint-Denis (93)<\/p>\n<p class=\"small\">Construction neuve,\u00a0 1993<br \/>\nSHON : 6 290 m\u00b2<br \/>\nMontant des travaux :<br \/>\n6 860 000 \u20ac H.T. (1993)<\/p>\n<p class=\"small\">\n<\/div>\n\n<p class=\"small\"><div class=\"grid__item lap-four-twelfths\">\n\n<p class=\"small\"><strong>Ma\u00eetrise d&rsquo;\u0153uvre :<br \/>\n<\/strong>Architectes : Ricardo Porro &amp; Renaud de La Noue<br \/>\nBET : GET Ing\u00e9nierie S.A.<br \/>\n\u00c9conomiste : TOHIER &amp; Associ\u00e9s<br \/>\nMandataire de la Ma\u00eetrise d&rsquo;Oeuvre : R. de La Noue<\/p>\n<p class=\"small\">\n<\/div>\n\n\n<\/div>\n\n","protected":false},"excerpt":{"rendered":"<p>&nbsp; Description Ce coll\u00e8ge con\u00e7u pour 700 \u00e9l\u00e8ves, est organis\u00e9 en deux corps de b\u00e2timent qui ondulent et semblent se mouvoir pour s\u2019enrouler autour d\u2019une placette d\u2019entr\u00e9e circulaire. Les grandes salles, biblioth\u00e8que, salle polyvalente, salle de sport et salle \u00e0 manger, forment des volumes ind\u00e9pendants qui accompagnent ce mouvement. Chaleureux et accueillant, \u00e9clair\u00e9 par des..<\/p>\n","protected":false},"author":1,"featured_media":0,"parent":0,"menu_order":0,"comment_status":"closed","ping_status":"closed","template":"","meta":[],"_links":{"self":[{"href":"https:\/\/delanouearchi.fr\/index.php\/wp-json\/wp\/v2\/pages\/910"}],"collection":[{"href":"https:\/\/delanouearchi.fr\/index.php\/wp-json\/wp\/v2\/pages"}],"about":[{"href":"https:\/\/delanouearchi.fr\/index.php\/wp-json\/wp\/v2\/types\/page"}],"author":[{"embeddable":true,"href":"https:\/\/delanouearchi.fr\/index.php\/wp-json\/wp\/v2\/users\/1"}],"replies":[{"embeddable":true,"href":"https:\/\/delanouearchi.fr\/index.php\/wp-json\/wp\/v2\/comments?post=910"}],"version-history":[{"count":2,"href":"https:\/\/delanouearchi.fr\/index.php\/wp-json\/wp\/v2\/pages\/910\/revisions"}],"predecessor-version":[{"id":1919,"href":"https:\/\/delanouearchi.fr\/index.php\/wp-json\/wp\/v2\/pages\/910\/revisions\/1919"}],"wp:attachment":[{"href":"https:\/\/delanouearchi.fr\/index.php\/wp-json\/wp\/v2\/media?parent=910"}],"curies":[{"name":"wp","href":"https:\/\/api.w.org\/{rel}","templated":true}]}}