{"id":947,"date":"2017-01-31T15:31:03","date_gmt":"2017-01-31T14:31:03","guid":{"rendered":"http:\/\/delanouearchi.fr\/?page_id=947"},"modified":"2017-03-03T16:33:56","modified_gmt":"2017-03-03T15:33:56","slug":"triolet-chantier","status":"publish","type":"page","link":"https:\/\/delanouearchi.fr\/index.php\/triolet-chantier\/","title":{"rendered":"triolet-chantier"},"content":{"rendered":"<p style=\"text-align: center;\"><a  class=\"pixcode  pixcode--btn  btn  kiko-bouton\" href=\"http:\/\/delanouearchi.fr\/index.php\/triolet-realisation\/\" ><i class=\"pixcode  pixcode--icon  icon-camera    small  \"><\/i> R\u00e9alisation<\/a>\n<a  class=\"pixcode  pixcode--btn  btn  kiko-bouton-on\"  ><i class=\"pixcode  pixcode--icon  icon-wrench    small  \"><\/i> Chantier<\/a>\n<a  class=\"pixcode  pixcode--btn  btn  kiko-bouton\" href=\"http:\/\/delanouearchi.fr\/index.php\/triolet-conception\/\" ><i class=\"pixcode  pixcode--icon  icon-pencil    small  \"><\/i> Conception<\/a>\n<p>&nbsp;<\/p>\n<i class=\"pixcode  pixcode--icon  icon-e-info-circled    medium  \"><\/i> <strong>Description<\/strong><br \/>\n\u00c0 l\u2019image d\u2019une colombe prot\u00e9geant ses petits, qui inspire sa forme, ce coll\u00e8ge accueille doucement ses \u00e9l\u00e8ves. Sa t\u00e8te forme un auvent en surplomb de l\u2019entr\u00e9e. En son c\u0153ur, sous d\u2019immenses arcs de b\u00e9ton convergeant, est un forum chaleureux et digne, sous ses ailes le pr\u00e9au et la salle \u00e0 manger. L\u2019image cr\u00e9e une po\u00e9sie en des lieux qui le demandent. La fluidit\u00e9 des espaces unifie un b\u00e2timent dont chaque salle est sp\u00e9cifique.<\/p>\n<p>Ses fa\u00e7ades de briques roses reprennent les jeux subtils des calepinages des architectures de la p\u00e9riph\u00e9rie parisienne. Indispensable \u00e0 la vie du quartier, une succession de placettes, petits espaces de vie et de rencontres, conduit \u00e0 l\u2019entr\u00e9e principale en coeur d&rsquo;ilot.<\/p>\n<i class=\"pixcode  pixcode--icon  icon-external-link    small  \"><\/i><a href=\"http:\/\/www.atlas-patrimoine93.fr\/pg-html\/bases_doc\/inventaire\/fichecollege.php?codeia=0931230G\" target=\"_blank\">\u00a0Atlas de l&rsquo;architecture et du patrimoine de Seine-Saint-Denis<\/a><\/p>\n<hr \/>\n<div class=\"pixcode  pixcode--grid  grid  \">\n\n<p class=\"small\"><div class=\"grid__item lap-four-twelfths\">\n\n<p class=\"small\"><strong>Programme\u00a0:<br \/>\n<\/strong>Coll\u00e8ge de 600 \u00e9l\u00e8ves<strong><br \/>\n<\/strong><\/p>\n<p class=\"small\">\n<\/div>\n\n<div class=\"grid__item lap-four-twelfths\">\n\n<p class=\"small\"><strong>Ma\u00eetre d&rsquo;ouvrage :<br \/>\n<\/strong>Conseil G\u00e9n\u00e9ral de Seine-Saint-Denis (93)<\/p>\n<p class=\"small\">Construction neuve, 1990<br \/>\nSurface utile : 5 800 m\u00b2<br \/>\nMontant des travaux : 4 573 000 \u20ac H.T. (1990)<\/p>\n<p class=\"small\">\n<\/div>\n\n<p class=\"small\"><div class=\"grid__item lap-four-twelfths\">\n\n<p class=\"small\"><strong>Ma\u00eetrise d&rsquo;\u0153uvre :<br \/>\n<\/strong>Architectes : Ricardo Porro &amp; Renaud de La Noue<br \/>\nBET : Mimram (Structure), Berim (Fluides)<br \/>\n\u00c9conomiste : Tohier &amp; Associ\u00e9s<br \/>\nMandataire de la Ma\u00eetrise d&rsquo;Oeuvre : R. Porro<\/p>\n<p class=\"small\">\n<\/div>\n\n\n<\/div>\n\n","protected":false},"excerpt":{"rendered":"<p>&nbsp; Description \u00c0 l\u2019image d\u2019une colombe prot\u00e9geant ses petits, qui inspire sa forme, ce coll\u00e8ge accueille doucement ses \u00e9l\u00e8ves. Sa t\u00e8te forme un auvent en surplomb de l\u2019entr\u00e9e. En son c\u0153ur, sous d\u2019immenses arcs de b\u00e9ton convergeant, est un forum chaleureux et digne, sous ses ailes le pr\u00e9au et la salle \u00e0 manger. L\u2019image cr\u00e9e..<\/p>\n","protected":false},"author":1,"featured_media":0,"parent":0,"menu_order":0,"comment_status":"closed","ping_status":"closed","template":"","meta":[],"_links":{"self":[{"href":"https:\/\/delanouearchi.fr\/index.php\/wp-json\/wp\/v2\/pages\/947"}],"collection":[{"href":"https:\/\/delanouearchi.fr\/index.php\/wp-json\/wp\/v2\/pages"}],"about":[{"href":"https:\/\/delanouearchi.fr\/index.php\/wp-json\/wp\/v2\/types\/page"}],"author":[{"embeddable":true,"href":"https:\/\/delanouearchi.fr\/index.php\/wp-json\/wp\/v2\/users\/1"}],"replies":[{"embeddable":true,"href":"https:\/\/delanouearchi.fr\/index.php\/wp-json\/wp\/v2\/comments?post=947"}],"version-history":[{"count":3,"href":"https:\/\/delanouearchi.fr\/index.php\/wp-json\/wp\/v2\/pages\/947\/revisions"}],"predecessor-version":[{"id":1914,"href":"https:\/\/delanouearchi.fr\/index.php\/wp-json\/wp\/v2\/pages\/947\/revisions\/1914"}],"wp:attachment":[{"href":"https:\/\/delanouearchi.fr\/index.php\/wp-json\/wp\/v2\/media?parent=947"}],"curies":[{"name":"wp","href":"https:\/\/api.w.org\/{rel}","templated":true}]}}