{"id":970,"date":"2017-01-31T15:49:06","date_gmt":"2017-01-31T14:49:06","guid":{"rendered":"http:\/\/delanouearchi.fr\/?page_id=970"},"modified":"2017-01-31T19:14:23","modified_gmt":"2017-01-31T18:14:23","slug":"courcouronnes-conception","status":"publish","type":"page","link":"https:\/\/delanouearchi.fr\/index.php\/courcouronnes-conception\/","title":{"rendered":"courcouronnes-conception"},"content":{"rendered":"<p style=\"text-align: center;\"><a  class=\"pixcode  pixcode--btn  btn  kiko-bouton-on\"  ><i class=\"pixcode  pixcode--icon  icon-pencil    small  \"><\/i> Conception<\/a>\n<div class=\"separator\">\n<h3>Une architecture joyeuse et inventive<\/h3>\n<\/div>\n<p>Pour les jeunes et les tr\u00e8s jeunes d\u2019aujourd\u2019hui nous avons pens\u00e9 une architecture l\u00e9g\u00e8re, dynamique et ludique. Nous voulions exprimer par la modernit\u00e9 du b\u00e2timent, l\u2019enthousiasme et la ga\u00eet\u00e9 de la jeunesse \u00e0 laquelle il est destin\u00e9, et pour cela con\u00e7u des b\u00e2timents qui sugg\u00e8rent un mouvement d&rsquo;envol par un froissement min\u00e9ral .<\/p>\n<p>A la charni\u00e8re de deux zones d\u2019un sch\u00e9ma urbain trop sectoris\u00e9 ; groupes denses d\u2019immeubles d\u2019habitation et de maisons mitoyennes souvent valoris\u00e9s par un appareillage soign\u00e9 de belles briques , et, d\u2019autre part, juxtaposition l\u00e2che d\u2019\u00e9quipements publics et de b\u00e2timents commerciaux aux volumes simples, peu \u00e9lev\u00e9s li\u00e9s par des voieries surdimensionn\u00e9es, cette architecture s\u2019impose comme un \u00e9v\u00e8nement urbain.<\/p>\n<p>Comme un trait d\u2019union elle lie ces deux mondes. L\u2019\u00e9chelle des masses est interm\u00e9diaire. Les mat\u00e9riaux mis en \u0153uvre s\u2019accordent avec la teinte de la brique utilis\u00e9e dans le quartier. Les fa\u00e7ades aux multiples plans, complexes mais lisses, les larges volumes vitr\u00e9s en d\u00e9vers, les toitures bris\u00e9es s\u2019\u00e9levant depuis terre dans une dynamique ascendante marquent vitalit\u00e9 de cet \u00e9quipement.<\/p>\n","protected":false},"excerpt":{"rendered":"<p>Une architecture joyeuse et inventive Pour les jeunes et les tr\u00e8s jeunes d\u2019aujourd\u2019hui nous avons pens\u00e9 une architecture l\u00e9g\u00e8re, dynamique et ludique. Nous voulions exprimer par la modernit\u00e9 du b\u00e2timent, l\u2019enthousiasme et la ga\u00eet\u00e9 de la jeunesse \u00e0 laquelle il est destin\u00e9, et pour cela con\u00e7u des b\u00e2timents qui sugg\u00e8rent un mouvement d&rsquo;envol par un..<\/p>\n","protected":false},"author":1,"featured_media":0,"parent":0,"menu_order":0,"comment_status":"closed","ping_status":"closed","template":"","meta":[],"_links":{"self":[{"href":"https:\/\/delanouearchi.fr\/index.php\/wp-json\/wp\/v2\/pages\/970"}],"collection":[{"href":"https:\/\/delanouearchi.fr\/index.php\/wp-json\/wp\/v2\/pages"}],"about":[{"href":"https:\/\/delanouearchi.fr\/index.php\/wp-json\/wp\/v2\/types\/page"}],"author":[{"embeddable":true,"href":"https:\/\/delanouearchi.fr\/index.php\/wp-json\/wp\/v2\/users\/1"}],"replies":[{"embeddable":true,"href":"https:\/\/delanouearchi.fr\/index.php\/wp-json\/wp\/v2\/comments?post=970"}],"version-history":[{"count":1,"href":"https:\/\/delanouearchi.fr\/index.php\/wp-json\/wp\/v2\/pages\/970\/revisions"}],"predecessor-version":[{"id":971,"href":"https:\/\/delanouearchi.fr\/index.php\/wp-json\/wp\/v2\/pages\/970\/revisions\/971"}],"wp:attachment":[{"href":"https:\/\/delanouearchi.fr\/index.php\/wp-json\/wp\/v2\/media?parent=970"}],"curies":[{"name":"wp","href":"https:\/\/api.w.org\/{rel}","templated":true}]}}